{"id":882,"date":"2023-03-24T16:12:06","date_gmt":"2023-03-24T16:12:06","guid":{"rendered":"https:\/\/www.consulting-bacher.de\/fuer-unternehmen\/"},"modified":"2023-05-11T17:30:40","modified_gmt":"2023-05-11T17:30:40","slug":"pour-les-entreprises","status":"publish","type":"page","link":"https:\/\/www.consulting-bacher.de\/fr\/pour-les-entreprises\/","title":{"rendered":"Pour les entreprises"},"content":{"rendered":"<div class=\"wpb-content-wrapper\"><p>[vc_section el_class=\u00a0\u00bbtop-banner-wrapper\u00a0\u00bb][vc_row full_width=\u00a0\u00bbstretch_row_content_no_spaces\u00a0\u00bb][vc_column]<div class=\"custom-top-banner \"><div class=\"container lg relative\"><div class=\"text-box\"><h1 class=\"entry-title\"><span data-aos=\"fade-up\" class=\"delay-20\"><span>Partenaires \u00e0 part enti\u00e8re<\/span><\/span><\/h1><\/div><\/div><div class=\"rellax has-parallax\" data-rellax-speed=\"-3\"><video autoplay muted loop playsinline><source src=\"https:\/\/www.consulting-bacher.de\/wp-content\/uploads\/2023\/03\/AdobeStock_469985412.mp4\" type=\"video\/mp4\">Your browser doesn't support HTML5 video tag.<\/video><\/div><\/div>[\/vc_column][\/vc_row][\/vc_section][vc_section el_class=\u00a0\u00bbno-padding\u00a0\u00bb][vc_row full_width=\u00a0\u00bbstretch_row_content_no_spaces\u00a0\u00bb el_class=\u00a0\u00bbtablet-row\u00a0\u00bb][vc_column width=\u00a0\u00bb3\/4&Prime; el_class=\u00a0\u00bbcol-3_4 col-left\u00a0\u00bb]<div class=\"intro-box delay-40 wpb_content_element\" data-aos=\"fade-up\" data-aos-once=\"true\"><div class=\"inner-wrap\"><i class=\"scroll-to\">Scroll<\/i><div class=\"wpb_text_column text-lg\" data-aos=\"text-lines\" data-aos-once=\"true\"><p>Vous ne pouvez atteindre seuls des objectifs ambitieux \u2013 vous avez besoin de coll\u00e8gues consciencieux, fiables et s\u00e9rieux pour r\u00e9ussir durablement. Pourtant, dans les domaines de la fiscalit\u00e9, du droit et de l\u2019audit, il est difficile de trouver de bons professionnels. Pour trouver des pros, vous devez faire appel \u00e0 des pros\u00a0! Nous vous aidons volontiers \u00e0 chercher des conseillers fiscaux, des avocats et des commissaires aux comptes, des fiscalistes et des clercs d\u2019avocat, des sp\u00e9cialistes en fiscalit\u00e9 ainsi que des assistants fiscaux et comptables.<\/p>\n<p>&nbsp;<\/p>\n<p><em>\u201e Une entreprise est aussi bonne que les gens qu\u2019elle poss\u00e8de. \u201c<\/em><br \/>\n<em>(Mary Kay Ash)<\/em><\/p>\n<\/div><\/div><\/div>[\/vc_column][vc_column width=\u00a0\u00bb1\/4&Prime;][\/vc_column][\/vc_row][\/vc_section][vc_section el_class=\u00a0\u00bbno-padding\u00a0\u00bb][vc_row el_class=\u00a0\u00bblg\u00a0\u00bb][vc_column]<div class=\"content-slider-wrapper delay-20 wpb_content_element has-line\" data-aos=\"fade-up\" data-aos-once=\"true\"><div class=\"inner-wrap\"><div class=\"relative\"><div class=\"content-slider-imgs\"><figure class=\"img-box rellax has-parallax\" data-rellax-speed=\"-2\" data-rellax-percentage=\"0.5\" style=\"background-image: url(https:\/\/www.consulting-bacher.de\/wp-content\/uploads\/2023\/03\/AdobeStock_131176047-scaled.jpeg)\"><\/figure><\/div><\/div><\/div><div class=\"content-slider-desc\"><div class=\"slide-inner\"><div class=\"wpb_text_column\"><p>Mais il y a collaborateur et collaborateur. Nous ne vous pr\u00e9sentons pas n\u2019importe quel candidat, mais celui qui vous convient parfaitement. Conseillers en personnel travaillant \u00e0 l\u2019\u00e9chelle internationale et disposant d\u2019un tr\u00e8s bon r\u00e9seau, nous avons acc\u00e8s \u00e0 un vaste pool de candidats potentiels &#8211; depuis le d\u00e9butant jusqu\u2019au sp\u00e9cialiste ou au dirigeant. Nous prenons le temps qu\u2019il faut pour bien conna\u00eetre tous les candidats, tant au niveau professionnel que personnel. Pour finir, nous comparons vos souhaits et besoins avec ceux des candidats afin d\u2019\u00e9tablir une relation de travail s\u2019inscrivant dans le long terme et satisfaisante pour les deux Parties.<\/p>\n<\/div><\/div><\/div><div class=\"slider-controls content-slider-controls\"><\/div><\/div>[\/vc_column][\/vc_row][\/vc_section][vc_section][vc_row el_class=\u00a0\u00bbtablet-row\u00a0\u00bb][vc_column width=\u00a0\u00bb5\/6&Prime;]<div class=\"custom-content wpb_content_element text-left \"><div class=\"inner-wrap\" data-aos=\"fade-up\" data-aos-once=\"true\"><div class=\"wpb_text_column delay-20\" data-aos=\"fade-up\" data-aos-once=\"true\"><p>Coop\u00e9rer avec Bacher Consulting ne comporte aucun risque pour vous, car nous travaillons exclusivement sur la base du r\u00e9sultat. Nous ne facturons nos prestations que si nous vous pr\u00e9sentons un collaborateur qui vous convient. De cette mani\u00e8re, vous \u00e9conomisez des ressources et des co\u00fbts de recrutement superflus.<\/p>\n<\/div><\/div><\/div>[\/vc_column][vc_column width=\u00a0\u00bb1\/6&Prime;][\/vc_column][\/vc_row][\/vc_section][vc_section][vc_row el_class=\u00a0\u00bblg\u00a0\u00bb][vc_column]<div class=\"cta-wrapper wpb_content_element reverse\"><div class=\"text-box delay-20\" data-aos=\"fade-up\" data-aos-once=\"true\"><h2 class=\"entry-title\" data-aos=\"fade-up\" data-aos-once=\"true\"><span><span>Pr\u00eats \u00e0 passer \u00e0 l\u2019\u00e9tape suivante ?<\/span><\/span><\/h2><div class=\"wpb_text_column delay-20\" data-aos=\"fade-up\" data-aos-once=\"true\"><p>Passons au dialogue\u00a0! Nous nous r\u00e9jouissons d\u2019examiner avec vous comment votre entreprise peut profiter du service de Bacher Consulting.<\/p>\n<\/div><a href=\"https:\/\/www.consulting-bacher.de\/fr\/contact\/\" target=\"\" class=\"custom-btn delay-40\" data-aos=\"fade-up\" data-aos-once=\"true\"><span>Get Connected<\/span><\/a><\/div><div class=\"img-box\" data-aos=\"fade-up\" data-aos-once=\"true\"><div><figure class=\"rellax has-parallax\" data-rellax-speed=\"-2\" data-rellax-percentage=\"0.5\"><img decoding=\"async\" src=\"https:\/\/www.consulting-bacher.de\/wp-content\/uploads\/2023\/04\/AdobeStock_274674600-1-scaled-e1680605739513.jpg\"><\/figure><\/div><\/div><\/div>[\/vc_column][\/vc_row][\/vc_section]<\/p>\n<\/div>","protected":false},"excerpt":{"rendered":"<p>[vc_section el_class=\u00a0\u00bbtop-banner-wrapper\u00a0\u00bb][vc_row full_width=\u00a0\u00bbstretch_row_content_no_spaces\u00a0\u00bb][vc_column][\/vc_column][\/vc_row][\/vc_section][vc_section el_class=\u00a0\u00bbno-padding\u00a0\u00bb][vc_row full_width=\u00a0\u00bbstretch_row_content_no_spaces\u00a0\u00bb el_class=\u00a0\u00bbtablet-row\u00a0\u00bb][vc_column width=\u00a0\u00bb3\/4&Prime; el_class=\u00a0\u00bbcol-3_4 col-left\u00a0\u00bb][\/vc_column][vc_column width=\u00a0\u00bb1\/4&Prime;][\/vc_column][\/vc_row][\/vc_section][vc_section el_class=\u00a0\u00bbno-padding\u00a0\u00bb][vc_row el_class=\u00a0\u00bblg\u00a0\u00bb][vc_column][\/vc_column][\/vc_row][\/vc_section][vc_section][vc_row el_class=\u00a0\u00bbtablet-row\u00a0\u00bb][vc_column width=\u00a0\u00bb5\/6&Prime;][\/vc_column][vc_column width=\u00a0\u00bb1\/6&Prime;][\/vc_column][\/vc_row][\/vc_section][vc_section][vc_row el_class=\u00a0\u00bblg\u00a0\u00bb][vc_column][\/vc_column][\/vc_row][\/vc_section]<\/p>\n","protected":false},"author":1,"featured_media":0,"parent":0,"menu_order":0,"comment_status":"closed","ping_status":"closed","template":"","meta":{"_acf_changed":false,"footnotes":""},"class_list":["post-882","page","type-page","status-publish","hentry"],"acf":[],"yoast_head":"<!-- This site is optimized with the Yoast SEO plugin v27.5 - https:\/\/yoast.com\/product\/yoast-seo-wordpress\/ -->\n<title>Pour les entreprises - Bacher Consulting<\/title>\n<meta name=\"robots\" content=\"index, follow, max-snippet:-1, max-image-preview:large, max-video-preview:-1\" \/>\n<link rel=\"canonical\" href=\"https:\/\/www.consulting-bacher.de\/fr\/pour-les-entreprises\/\" \/>\n<meta property=\"og:locale\" content=\"fr_FR\" \/>\n<meta property=\"og:type\" content=\"article\" \/>\n<meta property=\"og:title\" content=\"Pour les entreprises - Bacher Consulting\" \/>\n<meta property=\"og:description\" content=\"[vc_section el_class=\u00a0\u00bbtop-banner-wrapper\u00a0\u00bb][vc_row full_width=\u00a0\u00bbstretch_row_content_no_spaces\u00a0\u00bb][vc_column][\/vc_column][\/vc_row][\/vc_section][vc_section el_class=\u00a0\u00bbno-padding\u00a0\u00bb][vc_row full_width=\u00a0\u00bbstretch_row_content_no_spaces\u00a0\u00bb el_class=\u00a0\u00bbtablet-row\u00a0\u00bb][vc_column width=\u00a0\u00bb3\/4&Prime; el_class=\u00a0\u00bbcol-3_4 col-left\u00a0\u00bb][\/vc_column][vc_column width=\u00a0\u00bb1\/4&Prime;][\/vc_column][\/vc_row][\/vc_section][vc_section el_class=\u00a0\u00bbno-padding\u00a0\u00bb][vc_row el_class=\u00a0\u00bblg\u00a0\u00bb][vc_column][\/vc_column][\/vc_row][\/vc_section][vc_section][vc_row el_class=\u00a0\u00bbtablet-row\u00a0\u00bb][vc_column width=\u00a0\u00bb5\/6&Prime;][\/vc_column][vc_column width=\u00a0\u00bb1\/6&Prime;][\/vc_column][\/vc_row][\/vc_section][vc_section][vc_row el_class=\u00a0\u00bblg\u00a0\u00bb][vc_column][\/vc_column][\/vc_row][\/vc_section]\" \/>\n<meta property=\"og:url\" content=\"https:\/\/www.consulting-bacher.de\/fr\/pour-les-entreprises\/\" \/>\n<meta property=\"og:site_name\" content=\"Bacher Consulting\" \/>\n<meta property=\"article:modified_time\" content=\"2023-05-11T17:30:40+00:00\" \/>\n<meta name=\"twitter:card\" content=\"summary_large_image\" \/>\n<meta name=\"twitter:label1\" content=\"Dur\u00e9e de lecture estim\u00e9e\" \/>\n\t<meta name=\"twitter:data1\" content=\"1 minute\" \/>\n<script type=\"application\/ld+json\" class=\"yoast-schema-graph\">{\"@context\":\"https:\\\/\\\/schema.org\",\"@graph\":[{\"@type\":\"WebPage\",\"@id\":\"https:\\\/\\\/www.consulting-bacher.de\\\/fr\\\/pour-les-entreprises\\\/\",\"url\":\"https:\\\/\\\/www.consulting-bacher.de\\\/fr\\\/pour-les-entreprises\\\/\",\"name\":\"Pour les entreprises - Bacher Consulting\",\"isPartOf\":{\"@id\":\"https:\\\/\\\/www.consulting-bacher.de\\\/fr\\\/#website\"},\"datePublished\":\"2023-03-24T16:12:06+00:00\",\"dateModified\":\"2023-05-11T17:30:40+00:00\",\"breadcrumb\":{\"@id\":\"https:\\\/\\\/www.consulting-bacher.de\\\/fr\\\/pour-les-entreprises\\\/#breadcrumb\"},\"inLanguage\":\"fr-FR\",\"potentialAction\":[{\"@type\":\"ReadAction\",\"target\":[\"https:\\\/\\\/www.consulting-bacher.de\\\/fr\\\/pour-les-entreprises\\\/\"]}]},{\"@type\":\"BreadcrumbList\",\"@id\":\"https:\\\/\\\/www.consulting-bacher.de\\\/fr\\\/pour-les-entreprises\\\/#breadcrumb\",\"itemListElement\":[{\"@type\":\"ListItem\",\"position\":1,\"name\":\"Home\",\"item\":\"https:\\\/\\\/www.consulting-bacher.de\\\/fr\\\/\"},{\"@type\":\"ListItem\",\"position\":2,\"name\":\"Pour les entreprises\"}]},{\"@type\":\"WebSite\",\"@id\":\"https:\\\/\\\/www.consulting-bacher.de\\\/fr\\\/#website\",\"url\":\"https:\\\/\\\/www.consulting-bacher.de\\\/fr\\\/\",\"name\":\"Bacher Consulting\",\"description\":\"\",\"publisher\":{\"@id\":\"https:\\\/\\\/www.consulting-bacher.de\\\/fr\\\/#organization\"},\"potentialAction\":[{\"@type\":\"SearchAction\",\"target\":{\"@type\":\"EntryPoint\",\"urlTemplate\":\"https:\\\/\\\/www.consulting-bacher.de\\\/fr\\\/?s={search_term_string}\"},\"query-input\":{\"@type\":\"PropertyValueSpecification\",\"valueRequired\":true,\"valueName\":\"search_term_string\"}}],\"inLanguage\":\"fr-FR\"},{\"@type\":\"Organization\",\"@id\":\"https:\\\/\\\/www.consulting-bacher.de\\\/fr\\\/#organization\",\"name\":\"Bacher Consulting\",\"url\":\"https:\\\/\\\/www.consulting-bacher.de\\\/fr\\\/\",\"logo\":{\"@type\":\"ImageObject\",\"inLanguage\":\"fr-FR\",\"@id\":\"https:\\\/\\\/www.consulting-bacher.de\\\/fr\\\/#\\\/schema\\\/logo\\\/image\\\/\",\"url\":\"https:\\\/\\\/www.consulting-bacher.de\\\/wp-content\\\/uploads\\\/2023\\\/03\\\/backer_logo_final.png\",\"contentUrl\":\"https:\\\/\\\/www.consulting-bacher.de\\\/wp-content\\\/uploads\\\/2023\\\/03\\\/backer_logo_final.png\",\"width\":442,\"height\":120,\"caption\":\"Bacher Consulting\"},\"image\":{\"@id\":\"https:\\\/\\\/www.consulting-bacher.de\\\/fr\\\/#\\\/schema\\\/logo\\\/image\\\/\"}}]}<\/script>\n<!-- \/ Yoast SEO plugin. -->","yoast_head_json":{"title":"Pour les entreprises - Bacher Consulting","robots":{"index":"index","follow":"follow","max-snippet":"max-snippet:-1","max-image-preview":"max-image-preview:large","max-video-preview":"max-video-preview:-1"},"canonical":"https:\/\/www.consulting-bacher.de\/fr\/pour-les-entreprises\/","og_locale":"fr_FR","og_type":"article","og_title":"Pour les entreprises - Bacher Consulting","og_description":"[vc_section el_class=\u00a0\u00bbtop-banner-wrapper\u00a0\u00bb][vc_row full_width=\u00a0\u00bbstretch_row_content_no_spaces\u00a0\u00bb][vc_column][\/vc_column][\/vc_row][\/vc_section][vc_section el_class=\u00a0\u00bbno-padding\u00a0\u00bb][vc_row full_width=\u00a0\u00bbstretch_row_content_no_spaces\u00a0\u00bb el_class=\u00a0\u00bbtablet-row\u00a0\u00bb][vc_column width=\u00a0\u00bb3\/4&Prime; el_class=\u00a0\u00bbcol-3_4 col-left\u00a0\u00bb][\/vc_column][vc_column width=\u00a0\u00bb1\/4&Prime;][\/vc_column][\/vc_row][\/vc_section][vc_section el_class=\u00a0\u00bbno-padding\u00a0\u00bb][vc_row el_class=\u00a0\u00bblg\u00a0\u00bb][vc_column][\/vc_column][\/vc_row][\/vc_section][vc_section][vc_row el_class=\u00a0\u00bbtablet-row\u00a0\u00bb][vc_column width=\u00a0\u00bb5\/6&Prime;][\/vc_column][vc_column width=\u00a0\u00bb1\/6&Prime;][\/vc_column][\/vc_row][\/vc_section][vc_section][vc_row el_class=\u00a0\u00bblg\u00a0\u00bb][vc_column][\/vc_column][\/vc_row][\/vc_section]","og_url":"https:\/\/www.consulting-bacher.de\/fr\/pour-les-entreprises\/","og_site_name":"Bacher Consulting","article_modified_time":"2023-05-11T17:30:40+00:00","twitter_card":"summary_large_image","twitter_misc":{"Dur\u00e9e de lecture estim\u00e9e":"1 minute"},"schema":{"@context":"https:\/\/schema.org","@graph":[{"@type":"WebPage","@id":"https:\/\/www.consulting-bacher.de\/fr\/pour-les-entreprises\/","url":"https:\/\/www.consulting-bacher.de\/fr\/pour-les-entreprises\/","name":"Pour les entreprises - Bacher Consulting","isPartOf":{"@id":"https:\/\/www.consulting-bacher.de\/fr\/#website"},"datePublished":"2023-03-24T16:12:06+00:00","dateModified":"2023-05-11T17:30:40+00:00","breadcrumb":{"@id":"https:\/\/www.consulting-bacher.de\/fr\/pour-les-entreprises\/#breadcrumb"},"inLanguage":"fr-FR","potentialAction":[{"@type":"ReadAction","target":["https:\/\/www.consulting-bacher.de\/fr\/pour-les-entreprises\/"]}]},{"@type":"BreadcrumbList","@id":"https:\/\/www.consulting-bacher.de\/fr\/pour-les-entreprises\/#breadcrumb","itemListElement":[{"@type":"ListItem","position":1,"name":"Home","item":"https:\/\/www.consulting-bacher.de\/fr\/"},{"@type":"ListItem","position":2,"name":"Pour les entreprises"}]},{"@type":"WebSite","@id":"https:\/\/www.consulting-bacher.de\/fr\/#website","url":"https:\/\/www.consulting-bacher.de\/fr\/","name":"Bacher Consulting","description":"","publisher":{"@id":"https:\/\/www.consulting-bacher.de\/fr\/#organization"},"potentialAction":[{"@type":"SearchAction","target":{"@type":"EntryPoint","urlTemplate":"https:\/\/www.consulting-bacher.de\/fr\/?s={search_term_string}"},"query-input":{"@type":"PropertyValueSpecification","valueRequired":true,"valueName":"search_term_string"}}],"inLanguage":"fr-FR"},{"@type":"Organization","@id":"https:\/\/www.consulting-bacher.de\/fr\/#organization","name":"Bacher Consulting","url":"https:\/\/www.consulting-bacher.de\/fr\/","logo":{"@type":"ImageObject","inLanguage":"fr-FR","@id":"https:\/\/www.consulting-bacher.de\/fr\/#\/schema\/logo\/image\/","url":"https:\/\/www.consulting-bacher.de\/wp-content\/uploads\/2023\/03\/backer_logo_final.png","contentUrl":"https:\/\/www.consulting-bacher.de\/wp-content\/uploads\/2023\/03\/backer_logo_final.png","width":442,"height":120,"caption":"Bacher Consulting"},"image":{"@id":"https:\/\/www.consulting-bacher.de\/fr\/#\/schema\/logo\/image\/"}}]}},"_links":{"self":[{"href":"https:\/\/www.consulting-bacher.de\/fr\/wp-json\/wp\/v2\/pages\/882","targetHints":{"allow":["GET"]}}],"collection":[{"href":"https:\/\/www.consulting-bacher.de\/fr\/wp-json\/wp\/v2\/pages"}],"about":[{"href":"https:\/\/www.consulting-bacher.de\/fr\/wp-json\/wp\/v2\/types\/page"}],"author":[{"embeddable":true,"href":"https:\/\/www.consulting-bacher.de\/fr\/wp-json\/wp\/v2\/users\/1"}],"replies":[{"embeddable":true,"href":"https:\/\/www.consulting-bacher.de\/fr\/wp-json\/wp\/v2\/comments?post=882"}],"version-history":[{"count":5,"href":"https:\/\/www.consulting-bacher.de\/fr\/wp-json\/wp\/v2\/pages\/882\/revisions"}],"predecessor-version":[{"id":1149,"href":"https:\/\/www.consulting-bacher.de\/fr\/wp-json\/wp\/v2\/pages\/882\/revisions\/1149"}],"wp:attachment":[{"href":"https:\/\/www.consulting-bacher.de\/fr\/wp-json\/wp\/v2\/media?parent=882"}],"curies":[{"name":"wp","href":"https:\/\/api.w.org\/{rel}","templated":true}]}}