{"id":878,"date":"2023-03-24T00:27:56","date_gmt":"2023-03-24T00:27:56","guid":{"rendered":"https:\/\/www.consulting-bacher.de\/fuer-kandidaten\/"},"modified":"2023-05-11T17:30:06","modified_gmt":"2023-05-11T17:30:06","slug":"pour-les-candidats","status":"publish","type":"page","link":"https:\/\/www.consulting-bacher.de\/fr\/pour-les-candidats\/","title":{"rendered":"Pour les candidats"},"content":{"rendered":"<div class=\"wpb-content-wrapper\"><p>[vc_section el_class=\u00a0\u00bbtop-banner-wrapper\u00a0\u00bb][vc_row full_width=\u00a0\u00bbstretch_row_content_no_spaces\u00a0\u00bb][vc_column]<div class=\"custom-top-banner \"><div class=\"container lg relative\"><div class=\"text-box\"><h1 class=\"entry-title\"><span data-aos=\"fade-up\" class=\"delay-20\"><span>Le temps est au changement<\/span><\/span><\/h1><\/div><\/div><div class=\"rellax has-parallax\" data-rellax-speed=\"-3\"><video autoplay muted loop playsinline><source src=\"https:\/\/www.consulting-bacher.de\/wp-content\/uploads\/2023\/03\/AdobeStock_460381034.mp4\" type=\"video\/mp4\">Your browser doesn't support HTML5 video tag.<\/video><\/div><\/div>[\/vc_column][\/vc_row][\/vc_section][vc_section][vc_row full_width=\u00a0\u00bbstretch_row_content_no_spaces\u00a0\u00bb el_class=\u00a0\u00bbtablet-row\u00a0\u00bb][vc_column width=\u00a0\u00bb3\/4&Prime; el_class=\u00a0\u00bbcol-3_4 col-left\u00a0\u00bb]<div class=\"intro-box delay-40 wpb_content_element\" data-aos=\"fade-up\" data-aos-once=\"true\"><div class=\"inner-wrap\"><i class=\"scroll-to\">Scroll<\/i><div class=\"wpb_text_column \" data-aos=\"text-lines\" data-aos-once=\"true\"><p><em>\u201e Rien n\u2019est permanent, sauf le changement \u201c (H\u00e9raclite d\u2019Eph\u00e8se)<\/em><\/p>\n<p>&nbsp;<\/p>\n<p>\u00c0 l\u2019\u00e9poque f\u00e9brile dans laquelle nous vivons, cette sagesse vaut aujourd\u2019hui plus que jamais. Dans notre vie professionnelle, il n\u2019y a pas que les processus, les normes et les mod\u00e8les commerciaux qui changent, mais aussi nos souhaits personnels, nos id\u00e9es et les exigences auxquelles doit r\u00e9pondre un employeur.<\/p>\n<p>&nbsp;<\/p>\n<h3><strong>\u00cates-vous satisfait de votre emploi actuel ?<\/strong><\/h3>\n<p>Il y a beaucoup de bonnes raisons d\u2019envisager un changement professionnel\u00a0: peut-\u00eatre souhaitez-vous avoir de meilleures opportunit\u00e9s en termes de revenu ou de carri\u00e8re, un patron plus d\u00e9contract\u00e9 et une \u00e9quipe plus sympa. Voulez-vous \u00e9ventuellement vous d\u00e9velopper, relever de nouveaux d\u00e9fis et changer d\u2019activit\u00e9\u00a0? Ou bien \u00eates-vous \u00e0 la recherche de solutions vous permettant de mieux concilier votre vie familiale et votre profession\u00a0? C\u2019est avec plaisir que nous vous aiderons dans votre recherche et que nous trouverons l\u2019entreprise qui vous convient.<\/p>\n<p>&nbsp;<\/p>\n<p><em>\u201e Il n\u2019est jamais trop tard pour devenir ce que nous aurions pu \u00eatre. \u201c (George Eliot)<\/em><\/p>\n<\/div><\/div><\/div>[\/vc_column][vc_column width=\u00a0\u00bb1\/4&Prime;][\/vc_column][\/vc_row][\/vc_section][vc_section el_class=\u00a0\u00bbsticky-parent no-padding\u00a0\u00bb][vc_row][vc_column]<div class=\"benefits-wrapper wpb_content_element\"><div class=\"sticky-image\"><img loading=\"lazy\" decoding=\"async\" width=\"1\" height=\"1\" src=\"https:\/\/www.consulting-bacher.de\/wp-content\/uploads\/2023\/03\/logo_bacher-grun.svg\" class=\"attachment-thumbnail size-thumbnail\" alt=\"\" \/><\/div><h2 class=\"entry-title text-left\" data-aos=\"fade-split\" data-aos-once=\"true\"><span><span>Vos avantages avec Bacher Consulting<\/span><\/span><\/h2><div class=\"benefits flexbox\"><div class=\"benefit-box\" data-aos=\"fade-up\" data-aos-once=\"true\"><h3>Conseil de carri\u00e8re<\/h3><div class=\"wpb_text_column\"><p>Nous conseillons des conseillers fiscaux, des avocats et des commissaires aux comptes, des clercs d\u2019avocat et des fiscalistes, des sp\u00e9cialistes en fiscalit\u00e9 ainsi que des assistants fiscaux et comptables. Que vous souhaitiez changer d\u2019emploi au sein de votre branche ou envisagiez de changer de branche n\u2019a aucune importance \u2013 nous examinons en commun vos options pour planifier votre carri\u00e8re dans le long terme.<\/p>\n<\/div><\/div><div class=\"benefit-box\" data-aos=\"fade-up\" data-aos-once=\"true\"><h3>Perfect Match<\/h3><div class=\"wpb_text_column\"><p>Nous nous r\u00e9jouissons de faire votre connaissance\u00a0! Nous sommes \u00e0 votre \u00e9coute pour bien appr\u00e9hender vos motivations et vos souhaits. Nous vous consacrons le temps n\u00e9cessaire pour des \u00e9changes personnels et, sur la base de nos entretiens, vous proposerons uniquement des employeurs qui vous conviennent parfaitement.<\/p>\n<\/div><\/div><div class=\"benefit-box\" data-aos=\"fade-up\" data-aos-once=\"true\"><div class=\"figure-box\"><figure class=\"rellax has-parallax\" data-rellax-speed=\"-2\" data-rellax-percentage=\"0.5\" style=\"background-image: url(https:\/\/www.consulting-bacher.de\/wp-content\/uploads\/2023\/04\/kandidaten-scaled-e1680693758497.jpg)\"><\/figure><\/div><\/div><div class=\"benefit-box\" data-aos=\"fade-up\" data-aos-once=\"true\"><h3>Un choix ax\u00e9 sur les candidats<\/h3><div class=\"wpb_text_column\"><p>Nos efforts de placement ne se basent pas sur les entreprises, mais uniquement sur les candidats et leurs souhaits. Nous travaillons avec un grand nombre de soci\u00e9t\u00e9s partenaires sur la base de contrats cadres et n\u2019acceptons pas de mandats exclusifs de la part d\u2019entreprises. De ce fait, nous ne sommes pas contraints de vous faire aimer des emplois qui ne vous conviennent pas parfaitement.<\/p>\n<\/div><\/div><div class=\"benefit-box\" data-aos=\"fade-up\" data-aos-once=\"true\"><h3>Postes vacants inofficiels<\/h3><div class=\"wpb_text_column\"><p>Les meilleurs postes vacants ne sont pas toujours affich\u00e9s sur le tableau des annonces. Pour \u00e9viter l\u2019agitation, de nombreuses entreprises ne publient pas officiellement leurs postes vacants. Gr\u00e2ce \u00e0 notre r\u00e9seau global et les contacts que nous entretenons depuis de nombreuses ann\u00e9es, les postes vacants inofficiels nous sont \u00e9galement communiqu\u00e9s, ce qui nous permet de tirer parti de cet avantage.<\/p>\n<\/div><\/div><div class=\"benefit-box\" data-aos=\"fade-up\" data-aos-once=\"true\"><h3>Aucun co\u00fbt<\/h3><div class=\"wpb_text_column\"><p>En tant que candidat, notre service ne vous engage \u00e0 rien et est en plus totalement gratuit, Lorsque nous avons trouv\u00e9 l\u2019entreprise qui vous convient, celle-ci assume les co\u00fbts de nos activit\u00e9s de placement.<\/p>\n<\/div><\/div><\/div><\/div>[\/vc_column][\/vc_row][\/vc_section][vc_section][vc_row][vc_column]<div class=\"custom-content wpb_content_element text-center has-bg \" data-aos=\"fade-up\" data-aos-once=\"true\"><div class=\"inner-wrap\" data-aos=\"fade-up\" data-aos-once=\"true\"><h2 class=\"entry-title\" data-aos=\"fade-split\" data-aos-once=\"true\"><span><span>L\u2019important, c\u2019est vous<\/span><\/span><\/h2><div class=\"wpb_text_column delay-20\" data-aos=\"fade-up\" data-aos-once=\"true\"><p>L\u2019approche de notre conseil en personnel est unique en son genre\u00a0: car nous mettons l\u2019accent sur votre personne\u00a0!<\/p>\n<p>Nous nous consid\u00e9rons \u00e0 la fois comme votre prestataire et votre partenaire commercial. Sp\u00e9cialistes de la branche, nous savons de quoi nous parlons \u2013 et nous savons \u00e9galement de quoi vous parlez. Pour nous, les \u00e9changes personnels sur un pied d\u2019\u00e9galit\u00e9 et des relations empreintes de confiance r\u00e9ciproque sont les conditions sine qua non d\u2019un partenariat harmonieux.<\/p>\n<\/div><\/div><\/div>[\/vc_column][\/vc_row][\/vc_section][vc_section][vc_row el_class=\u00a0\u00bblg\u00a0\u00bb][vc_column]<div class=\"cta-wrapper wpb_content_element \"><div class=\"text-box delay-20\" data-aos=\"fade-up\" data-aos-once=\"true\"><h2 class=\"entry-title\" data-aos=\"fade-up\" data-aos-once=\"true\"><span><span>Pr\u00eats \u00e0 franchir le pas ?<\/span><\/span><\/h2><div class=\"wpb_text_column delay-20\" data-aos=\"fade-up\" data-aos-once=\"true\"><p>Nous nous r\u00e9jouissons de faire votre connaissance\u00a0! Examinons sans engagement pour vous quelles sont les opportunit\u00e9s professionnelles qui se pr\u00e9sentent \u00e0 vous et comment vous pouvez profiter du service de Bacher Consulting.<\/p>\n<\/div><a href=\"https:\/\/www.consulting-bacher.de\/fr\/contact\/\" target=\"\" class=\"custom-btn delay-40\" data-aos=\"fade-up\" data-aos-once=\"true\"><span>Get Connected<\/span><\/a><\/div><div class=\"img-box\" data-aos=\"fade-up\" data-aos-once=\"true\"><div><figure class=\"rellax has-parallax\" data-rellax-speed=\"-2\" data-rellax-percentage=\"0.5\"><img decoding=\"async\" src=\"https:\/\/www.consulting-bacher.de\/wp-content\/uploads\/2023\/04\/AdobeStock_342992788-1-scaled.jpg\"><\/figure><\/div><\/div><\/div>[\/vc_column][\/vc_row][\/vc_section]<\/p>\n<\/div>","protected":false},"excerpt":{"rendered":"<p>[vc_section el_class=\u00a0\u00bbtop-banner-wrapper\u00a0\u00bb][vc_row full_width=\u00a0\u00bbstretch_row_content_no_spaces\u00a0\u00bb][vc_column][\/vc_column][\/vc_row][\/vc_section][vc_section][vc_row full_width=\u00a0\u00bbstretch_row_content_no_spaces\u00a0\u00bb el_class=\u00a0\u00bbtablet-row\u00a0\u00bb][vc_column width=\u00a0\u00bb3\/4&Prime; el_class=\u00a0\u00bbcol-3_4 col-left\u00a0\u00bb][\/vc_column][vc_column width=\u00a0\u00bb1\/4&Prime;][\/vc_column][\/vc_row][\/vc_section][vc_section el_class=\u00a0\u00bbsticky-parent no-padding\u00a0\u00bb][vc_row][vc_column][\/vc_column][\/vc_row][\/vc_section][vc_section][vc_row][vc_column][\/vc_column][\/vc_row][\/vc_section][vc_section][vc_row el_class=\u00a0\u00bblg\u00a0\u00bb][vc_column][\/vc_column][\/vc_row][\/vc_section]<\/p>\n","protected":false},"author":1,"featured_media":0,"parent":0,"menu_order":0,"comment_status":"closed","ping_status":"closed","template":"","meta":{"_acf_changed":false,"footnotes":""},"class_list":["post-878","page","type-page","status-publish","hentry"],"acf":[],"yoast_head":"<!-- This site is optimized with the Yoast SEO plugin v27.5 - https:\/\/yoast.com\/product\/yoast-seo-wordpress\/ -->\n<title>Pour les candidats - Bacher Consulting<\/title>\n<meta name=\"robots\" content=\"index, follow, max-snippet:-1, max-image-preview:large, max-video-preview:-1\" \/>\n<link rel=\"canonical\" href=\"https:\/\/www.consulting-bacher.de\/fr\/pour-les-candidats\/\" \/>\n<meta property=\"og:locale\" content=\"fr_FR\" \/>\n<meta property=\"og:type\" content=\"article\" \/>\n<meta property=\"og:title\" content=\"Pour les candidats - Bacher Consulting\" \/>\n<meta property=\"og:description\" content=\"[vc_section el_class=\u00a0\u00bbtop-banner-wrapper\u00a0\u00bb][vc_row full_width=\u00a0\u00bbstretch_row_content_no_spaces\u00a0\u00bb][vc_column][\/vc_column][\/vc_row][\/vc_section][vc_section][vc_row full_width=\u00a0\u00bbstretch_row_content_no_spaces\u00a0\u00bb el_class=\u00a0\u00bbtablet-row\u00a0\u00bb][vc_column width=\u00a0\u00bb3\/4&Prime; el_class=\u00a0\u00bbcol-3_4 col-left\u00a0\u00bb][\/vc_column][vc_column width=\u00a0\u00bb1\/4&Prime;][\/vc_column][\/vc_row][\/vc_section][vc_section el_class=\u00a0\u00bbsticky-parent no-padding\u00a0\u00bb][vc_row][vc_column][\/vc_column][\/vc_row][\/vc_section][vc_section][vc_row][vc_column][\/vc_column][\/vc_row][\/vc_section][vc_section][vc_row el_class=\u00a0\u00bblg\u00a0\u00bb][vc_column][\/vc_column][\/vc_row][\/vc_section]\" \/>\n<meta property=\"og:url\" content=\"https:\/\/www.consulting-bacher.de\/fr\/pour-les-candidats\/\" \/>\n<meta property=\"og:site_name\" content=\"Bacher Consulting\" \/>\n<meta property=\"article:modified_time\" content=\"2023-05-11T17:30:06+00:00\" \/>\n<meta name=\"twitter:card\" content=\"summary_large_image\" \/>\n<meta name=\"twitter:label1\" content=\"Dur\u00e9e de lecture estim\u00e9e\" \/>\n\t<meta name=\"twitter:data1\" content=\"2 minutes\" \/>\n<script type=\"application\/ld+json\" class=\"yoast-schema-graph\">{\"@context\":\"https:\\\/\\\/schema.org\",\"@graph\":[{\"@type\":\"WebPage\",\"@id\":\"https:\\\/\\\/www.consulting-bacher.de\\\/fr\\\/pour-les-candidats\\\/\",\"url\":\"https:\\\/\\\/www.consulting-bacher.de\\\/fr\\\/pour-les-candidats\\\/\",\"name\":\"Pour les candidats - Bacher Consulting\",\"isPartOf\":{\"@id\":\"https:\\\/\\\/www.consulting-bacher.de\\\/fr\\\/#website\"},\"datePublished\":\"2023-03-24T00:27:56+00:00\",\"dateModified\":\"2023-05-11T17:30:06+00:00\",\"breadcrumb\":{\"@id\":\"https:\\\/\\\/www.consulting-bacher.de\\\/fr\\\/pour-les-candidats\\\/#breadcrumb\"},\"inLanguage\":\"fr-FR\",\"potentialAction\":[{\"@type\":\"ReadAction\",\"target\":[\"https:\\\/\\\/www.consulting-bacher.de\\\/fr\\\/pour-les-candidats\\\/\"]}]},{\"@type\":\"BreadcrumbList\",\"@id\":\"https:\\\/\\\/www.consulting-bacher.de\\\/fr\\\/pour-les-candidats\\\/#breadcrumb\",\"itemListElement\":[{\"@type\":\"ListItem\",\"position\":1,\"name\":\"Home\",\"item\":\"https:\\\/\\\/www.consulting-bacher.de\\\/fr\\\/\"},{\"@type\":\"ListItem\",\"position\":2,\"name\":\"Pour les candidats\"}]},{\"@type\":\"WebSite\",\"@id\":\"https:\\\/\\\/www.consulting-bacher.de\\\/fr\\\/#website\",\"url\":\"https:\\\/\\\/www.consulting-bacher.de\\\/fr\\\/\",\"name\":\"Bacher Consulting\",\"description\":\"\",\"publisher\":{\"@id\":\"https:\\\/\\\/www.consulting-bacher.de\\\/fr\\\/#organization\"},\"potentialAction\":[{\"@type\":\"SearchAction\",\"target\":{\"@type\":\"EntryPoint\",\"urlTemplate\":\"https:\\\/\\\/www.consulting-bacher.de\\\/fr\\\/?s={search_term_string}\"},\"query-input\":{\"@type\":\"PropertyValueSpecification\",\"valueRequired\":true,\"valueName\":\"search_term_string\"}}],\"inLanguage\":\"fr-FR\"},{\"@type\":\"Organization\",\"@id\":\"https:\\\/\\\/www.consulting-bacher.de\\\/fr\\\/#organization\",\"name\":\"Bacher Consulting\",\"url\":\"https:\\\/\\\/www.consulting-bacher.de\\\/fr\\\/\",\"logo\":{\"@type\":\"ImageObject\",\"inLanguage\":\"fr-FR\",\"@id\":\"https:\\\/\\\/www.consulting-bacher.de\\\/fr\\\/#\\\/schema\\\/logo\\\/image\\\/\",\"url\":\"https:\\\/\\\/www.consulting-bacher.de\\\/wp-content\\\/uploads\\\/2023\\\/03\\\/backer_logo_final.png\",\"contentUrl\":\"https:\\\/\\\/www.consulting-bacher.de\\\/wp-content\\\/uploads\\\/2023\\\/03\\\/backer_logo_final.png\",\"width\":442,\"height\":120,\"caption\":\"Bacher Consulting\"},\"image\":{\"@id\":\"https:\\\/\\\/www.consulting-bacher.de\\\/fr\\\/#\\\/schema\\\/logo\\\/image\\\/\"}}]}<\/script>\n<!-- \/ Yoast SEO plugin. -->","yoast_head_json":{"title":"Pour les candidats - Bacher Consulting","robots":{"index":"index","follow":"follow","max-snippet":"max-snippet:-1","max-image-preview":"max-image-preview:large","max-video-preview":"max-video-preview:-1"},"canonical":"https:\/\/www.consulting-bacher.de\/fr\/pour-les-candidats\/","og_locale":"fr_FR","og_type":"article","og_title":"Pour les candidats - Bacher Consulting","og_description":"[vc_section el_class=\u00a0\u00bbtop-banner-wrapper\u00a0\u00bb][vc_row full_width=\u00a0\u00bbstretch_row_content_no_spaces\u00a0\u00bb][vc_column][\/vc_column][\/vc_row][\/vc_section][vc_section][vc_row full_width=\u00a0\u00bbstretch_row_content_no_spaces\u00a0\u00bb el_class=\u00a0\u00bbtablet-row\u00a0\u00bb][vc_column width=\u00a0\u00bb3\/4&Prime; el_class=\u00a0\u00bbcol-3_4 col-left\u00a0\u00bb][\/vc_column][vc_column width=\u00a0\u00bb1\/4&Prime;][\/vc_column][\/vc_row][\/vc_section][vc_section el_class=\u00a0\u00bbsticky-parent no-padding\u00a0\u00bb][vc_row][vc_column][\/vc_column][\/vc_row][\/vc_section][vc_section][vc_row][vc_column][\/vc_column][\/vc_row][\/vc_section][vc_section][vc_row el_class=\u00a0\u00bblg\u00a0\u00bb][vc_column][\/vc_column][\/vc_row][\/vc_section]","og_url":"https:\/\/www.consulting-bacher.de\/fr\/pour-les-candidats\/","og_site_name":"Bacher Consulting","article_modified_time":"2023-05-11T17:30:06+00:00","twitter_card":"summary_large_image","twitter_misc":{"Dur\u00e9e de lecture estim\u00e9e":"2 minutes"},"schema":{"@context":"https:\/\/schema.org","@graph":[{"@type":"WebPage","@id":"https:\/\/www.consulting-bacher.de\/fr\/pour-les-candidats\/","url":"https:\/\/www.consulting-bacher.de\/fr\/pour-les-candidats\/","name":"Pour les candidats - Bacher Consulting","isPartOf":{"@id":"https:\/\/www.consulting-bacher.de\/fr\/#website"},"datePublished":"2023-03-24T00:27:56+00:00","dateModified":"2023-05-11T17:30:06+00:00","breadcrumb":{"@id":"https:\/\/www.consulting-bacher.de\/fr\/pour-les-candidats\/#breadcrumb"},"inLanguage":"fr-FR","potentialAction":[{"@type":"ReadAction","target":["https:\/\/www.consulting-bacher.de\/fr\/pour-les-candidats\/"]}]},{"@type":"BreadcrumbList","@id":"https:\/\/www.consulting-bacher.de\/fr\/pour-les-candidats\/#breadcrumb","itemListElement":[{"@type":"ListItem","position":1,"name":"Home","item":"https:\/\/www.consulting-bacher.de\/fr\/"},{"@type":"ListItem","position":2,"name":"Pour les candidats"}]},{"@type":"WebSite","@id":"https:\/\/www.consulting-bacher.de\/fr\/#website","url":"https:\/\/www.consulting-bacher.de\/fr\/","name":"Bacher Consulting","description":"","publisher":{"@id":"https:\/\/www.consulting-bacher.de\/fr\/#organization"},"potentialAction":[{"@type":"SearchAction","target":{"@type":"EntryPoint","urlTemplate":"https:\/\/www.consulting-bacher.de\/fr\/?s={search_term_string}"},"query-input":{"@type":"PropertyValueSpecification","valueRequired":true,"valueName":"search_term_string"}}],"inLanguage":"fr-FR"},{"@type":"Organization","@id":"https:\/\/www.consulting-bacher.de\/fr\/#organization","name":"Bacher Consulting","url":"https:\/\/www.consulting-bacher.de\/fr\/","logo":{"@type":"ImageObject","inLanguage":"fr-FR","@id":"https:\/\/www.consulting-bacher.de\/fr\/#\/schema\/logo\/image\/","url":"https:\/\/www.consulting-bacher.de\/wp-content\/uploads\/2023\/03\/backer_logo_final.png","contentUrl":"https:\/\/www.consulting-bacher.de\/wp-content\/uploads\/2023\/03\/backer_logo_final.png","width":442,"height":120,"caption":"Bacher Consulting"},"image":{"@id":"https:\/\/www.consulting-bacher.de\/fr\/#\/schema\/logo\/image\/"}}]}},"_links":{"self":[{"href":"https:\/\/www.consulting-bacher.de\/fr\/wp-json\/wp\/v2\/pages\/878","targetHints":{"allow":["GET"]}}],"collection":[{"href":"https:\/\/www.consulting-bacher.de\/fr\/wp-json\/wp\/v2\/pages"}],"about":[{"href":"https:\/\/www.consulting-bacher.de\/fr\/wp-json\/wp\/v2\/types\/page"}],"author":[{"embeddable":true,"href":"https:\/\/www.consulting-bacher.de\/fr\/wp-json\/wp\/v2\/users\/1"}],"replies":[{"embeddable":true,"href":"https:\/\/www.consulting-bacher.de\/fr\/wp-json\/wp\/v2\/comments?post=878"}],"version-history":[{"count":7,"href":"https:\/\/www.consulting-bacher.de\/fr\/wp-json\/wp\/v2\/pages\/878\/revisions"}],"predecessor-version":[{"id":1148,"href":"https:\/\/www.consulting-bacher.de\/fr\/wp-json\/wp\/v2\/pages\/878\/revisions\/1148"}],"wp:attachment":[{"href":"https:\/\/www.consulting-bacher.de\/fr\/wp-json\/wp\/v2\/media?parent=878"}],"curies":[{"name":"wp","href":"https:\/\/api.w.org\/{rel}","templated":true}]}}