{"id":888,"date":"2023-03-26T21:55:29","date_gmt":"2023-03-26T21:55:29","guid":{"rendered":"https:\/\/www.consulting-bacher.de\/impressum\/"},"modified":"2024-06-04T08:09:43","modified_gmt":"2024-06-04T08:09:43","slug":"aviso-legal","status":"publish","type":"page","link":"https:\/\/www.consulting-bacher.de\/es\/aviso-legal\/","title":{"rendered":"Aviso legal"},"content":{"rendered":"<div class=\"wpb-content-wrapper\"><p>[vc_section el_class=\u00bbbg-grey\u00bb css=\u00bb.vc_custom_1680036441702{background-color: #f2f2f2 !important;}\u00bb][vc_row el_class=\u00bblg\u00bb][vc_column]<div class=\"custom-content wpb_content_element text-left has-underline\"><div class=\"inner-wrap\" data-aos=\"fade-up\" data-aos-once=\"true\"><h1 class=\"entry-title\" data-aos=\"fade-up\" data-aos-once=\"true\"><span><span>Aviso legal<\/span><\/span><\/h1><\/div><\/div>[\/vc_column][\/vc_row][\/vc_section][vc_section][vc_row el_class=\u00bbsm\u00bb][vc_column]<div class=\"custom-content wpb_content_element text-left \"><div class=\"inner-wrap\" data-aos=\"fade-up\" data-aos-once=\"true\"><div class=\"wpb_text_column delay-20\" data-aos=\"fade-up\" data-aos-once=\"true\"><h2><\/h2>\n<p>Albert Bacher<br \/>\nBacher Consulting<br \/>\nKirchstra\u00dfe 6<br \/>\n67550 Worms<\/p>\n<h2>Contacto<\/h2>\n<p>Tel\u00e9fono: +49 6242 8370 240<br \/>\nCorreo electr\u00f3nico: info@consulting-bacher.de<\/p>\n<h2>N\u00famero de identificaci\u00f3n fiscal<\/h2>\n<p>N\u00famero de identificaci\u00f3n fiscal seg\u00fan el art. 27a de la ley de impuesto sobre la venta:<br \/>\n44 \/ 005 \/ 32764<\/p>\n<h2>Soluci\u00f3n de conflictos de la UE<\/h2>\n<p>La Comisi\u00f3n Europea proporciona una plataforma para la resoluci\u00f3n de disputas (OS) en l\u00ednea: <a href=\"https:\/\/ec.europa.eu\/consumers\/odr\/\" target=\"_blank\" rel=\"noopener noreferrer\">https:\/\/ec.europa.eu\/consumers\/odr\/<\/a>.<br \/>\nNuestra direcci\u00f3n de correo electr\u00f3nico se puede encontrar arriba en el impreso legal.<\/p>\n<h2>Resoluci\u00f3n de litigios del consumidor\/Junta de arbitraje universal<\/h2>\n<p>No estamos dispuestos ni obligados a participar en procedimientos de resoluci\u00f3n de litigios ante una junta de arbitraje de consumidores.<\/p>\n<\/div><\/div><\/div>[\/vc_column][\/vc_row][\/vc_section]<\/p>\n<\/div>","protected":false},"excerpt":{"rendered":"<p>[vc_section el_class=\u00bbbg-grey\u00bb css=\u00bb.vc_custom_1680036441702{background-color: #f2f2f2 !important;}\u00bb][vc_row el_class=\u00bblg\u00bb][vc_column][\/vc_column][\/vc_row][\/vc_section][vc_section][vc_row el_class=\u00bbsm\u00bb][vc_column][\/vc_column][\/vc_row][\/vc_section]<\/p>\n","protected":false},"author":1,"featured_media":0,"parent":0,"menu_order":0,"comment_status":"closed","ping_status":"closed","template":"","meta":{"_acf_changed":false,"footnotes":""},"class_list":["post-888","page","type-page","status-publish","hentry"],"acf":[],"yoast_head":"<!-- This site is optimized with the Yoast SEO plugin v27.5 - https:\/\/yoast.com\/product\/yoast-seo-wordpress\/ -->\n<title>Aviso legal - Bacher Consulting<\/title>\n<meta name=\"robots\" content=\"index, follow, max-snippet:-1, max-image-preview:large, max-video-preview:-1\" \/>\n<link rel=\"canonical\" href=\"https:\/\/www.consulting-bacher.de\/es\/aviso-legal\/\" \/>\n<meta property=\"og:locale\" content=\"es_ES\" \/>\n<meta property=\"og:type\" content=\"article\" \/>\n<meta property=\"og:title\" content=\"Aviso legal - Bacher Consulting\" \/>\n<meta property=\"og:description\" content=\"[vc_section el_class=\u00bbbg-grey\u00bb css=\u00bb.vc_custom_1680036441702{background-color: #f2f2f2 !important;}\u00bb][vc_row el_class=\u00bblg\u00bb][vc_column][\/vc_column][\/vc_row][\/vc_section][vc_section][vc_row el_class=\u00bbsm\u00bb][vc_column][\/vc_column][\/vc_row][\/vc_section]\" \/>\n<meta property=\"og:url\" content=\"https:\/\/www.consulting-bacher.de\/es\/aviso-legal\/\" \/>\n<meta property=\"og:site_name\" content=\"Bacher Consulting\" \/>\n<meta property=\"article:modified_time\" content=\"2024-06-04T08:09:43+00:00\" \/>\n<meta name=\"twitter:card\" content=\"summary_large_image\" \/>\n<meta name=\"twitter:label1\" content=\"Tiempo de lectura\" \/>\n\t<meta name=\"twitter:data1\" content=\"1 minuto\" \/>\n<script type=\"application\/ld+json\" class=\"yoast-schema-graph\">{\"@context\":\"https:\\\/\\\/schema.org\",\"@graph\":[{\"@type\":\"WebPage\",\"@id\":\"https:\\\/\\\/www.consulting-bacher.de\\\/es\\\/aviso-legal\\\/\",\"url\":\"https:\\\/\\\/www.consulting-bacher.de\\\/es\\\/aviso-legal\\\/\",\"name\":\"Aviso legal - Bacher Consulting\",\"isPartOf\":{\"@id\":\"https:\\\/\\\/www.consulting-bacher.de\\\/es\\\/#website\"},\"datePublished\":\"2023-03-26T21:55:29+00:00\",\"dateModified\":\"2024-06-04T08:09:43+00:00\",\"breadcrumb\":{\"@id\":\"https:\\\/\\\/www.consulting-bacher.de\\\/es\\\/aviso-legal\\\/#breadcrumb\"},\"inLanguage\":\"es\",\"potentialAction\":[{\"@type\":\"ReadAction\",\"target\":[\"https:\\\/\\\/www.consulting-bacher.de\\\/es\\\/aviso-legal\\\/\"]}]},{\"@type\":\"BreadcrumbList\",\"@id\":\"https:\\\/\\\/www.consulting-bacher.de\\\/es\\\/aviso-legal\\\/#breadcrumb\",\"itemListElement\":[{\"@type\":\"ListItem\",\"position\":1,\"name\":\"Home\",\"item\":\"https:\\\/\\\/www.consulting-bacher.de\\\/es\\\/\"},{\"@type\":\"ListItem\",\"position\":2,\"name\":\"Aviso legal\"}]},{\"@type\":\"WebSite\",\"@id\":\"https:\\\/\\\/www.consulting-bacher.de\\\/es\\\/#website\",\"url\":\"https:\\\/\\\/www.consulting-bacher.de\\\/es\\\/\",\"name\":\"Bacher Consulting\",\"description\":\"\",\"publisher\":{\"@id\":\"https:\\\/\\\/www.consulting-bacher.de\\\/es\\\/#organization\"},\"potentialAction\":[{\"@type\":\"SearchAction\",\"target\":{\"@type\":\"EntryPoint\",\"urlTemplate\":\"https:\\\/\\\/www.consulting-bacher.de\\\/es\\\/?s={search_term_string}\"},\"query-input\":{\"@type\":\"PropertyValueSpecification\",\"valueRequired\":true,\"valueName\":\"search_term_string\"}}],\"inLanguage\":\"es\"},{\"@type\":\"Organization\",\"@id\":\"https:\\\/\\\/www.consulting-bacher.de\\\/es\\\/#organization\",\"name\":\"Bacher Consulting\",\"url\":\"https:\\\/\\\/www.consulting-bacher.de\\\/es\\\/\",\"logo\":{\"@type\":\"ImageObject\",\"inLanguage\":\"es\",\"@id\":\"https:\\\/\\\/www.consulting-bacher.de\\\/es\\\/#\\\/schema\\\/logo\\\/image\\\/\",\"url\":\"https:\\\/\\\/www.consulting-bacher.de\\\/wp-content\\\/uploads\\\/2023\\\/03\\\/backer_logo_final.png\",\"contentUrl\":\"https:\\\/\\\/www.consulting-bacher.de\\\/wp-content\\\/uploads\\\/2023\\\/03\\\/backer_logo_final.png\",\"width\":442,\"height\":120,\"caption\":\"Bacher Consulting\"},\"image\":{\"@id\":\"https:\\\/\\\/www.consulting-bacher.de\\\/es\\\/#\\\/schema\\\/logo\\\/image\\\/\"}}]}<\/script>\n<!-- \/ Yoast SEO plugin. -->","yoast_head_json":{"title":"Aviso legal - Bacher Consulting","robots":{"index":"index","follow":"follow","max-snippet":"max-snippet:-1","max-image-preview":"max-image-preview:large","max-video-preview":"max-video-preview:-1"},"canonical":"https:\/\/www.consulting-bacher.de\/es\/aviso-legal\/","og_locale":"es_ES","og_type":"article","og_title":"Aviso legal - Bacher Consulting","og_description":"[vc_section el_class=\u00bbbg-grey\u00bb css=\u00bb.vc_custom_1680036441702{background-color: #f2f2f2 !important;}\u00bb][vc_row el_class=\u00bblg\u00bb][vc_column][\/vc_column][\/vc_row][\/vc_section][vc_section][vc_row el_class=\u00bbsm\u00bb][vc_column][\/vc_column][\/vc_row][\/vc_section]","og_url":"https:\/\/www.consulting-bacher.de\/es\/aviso-legal\/","og_site_name":"Bacher Consulting","article_modified_time":"2024-06-04T08:09:43+00:00","twitter_card":"summary_large_image","twitter_misc":{"Tiempo de lectura":"1 minuto"},"schema":{"@context":"https:\/\/schema.org","@graph":[{"@type":"WebPage","@id":"https:\/\/www.consulting-bacher.de\/es\/aviso-legal\/","url":"https:\/\/www.consulting-bacher.de\/es\/aviso-legal\/","name":"Aviso legal - Bacher Consulting","isPartOf":{"@id":"https:\/\/www.consulting-bacher.de\/es\/#website"},"datePublished":"2023-03-26T21:55:29+00:00","dateModified":"2024-06-04T08:09:43+00:00","breadcrumb":{"@id":"https:\/\/www.consulting-bacher.de\/es\/aviso-legal\/#breadcrumb"},"inLanguage":"es","potentialAction":[{"@type":"ReadAction","target":["https:\/\/www.consulting-bacher.de\/es\/aviso-legal\/"]}]},{"@type":"BreadcrumbList","@id":"https:\/\/www.consulting-bacher.de\/es\/aviso-legal\/#breadcrumb","itemListElement":[{"@type":"ListItem","position":1,"name":"Home","item":"https:\/\/www.consulting-bacher.de\/es\/"},{"@type":"ListItem","position":2,"name":"Aviso legal"}]},{"@type":"WebSite","@id":"https:\/\/www.consulting-bacher.de\/es\/#website","url":"https:\/\/www.consulting-bacher.de\/es\/","name":"Bacher Consulting","description":"","publisher":{"@id":"https:\/\/www.consulting-bacher.de\/es\/#organization"},"potentialAction":[{"@type":"SearchAction","target":{"@type":"EntryPoint","urlTemplate":"https:\/\/www.consulting-bacher.de\/es\/?s={search_term_string}"},"query-input":{"@type":"PropertyValueSpecification","valueRequired":true,"valueName":"search_term_string"}}],"inLanguage":"es"},{"@type":"Organization","@id":"https:\/\/www.consulting-bacher.de\/es\/#organization","name":"Bacher Consulting","url":"https:\/\/www.consulting-bacher.de\/es\/","logo":{"@type":"ImageObject","inLanguage":"es","@id":"https:\/\/www.consulting-bacher.de\/es\/#\/schema\/logo\/image\/","url":"https:\/\/www.consulting-bacher.de\/wp-content\/uploads\/2023\/03\/backer_logo_final.png","contentUrl":"https:\/\/www.consulting-bacher.de\/wp-content\/uploads\/2023\/03\/backer_logo_final.png","width":442,"height":120,"caption":"Bacher Consulting"},"image":{"@id":"https:\/\/www.consulting-bacher.de\/es\/#\/schema\/logo\/image\/"}}]}},"_links":{"self":[{"href":"https:\/\/www.consulting-bacher.de\/es\/wp-json\/wp\/v2\/pages\/888","targetHints":{"allow":["GET"]}}],"collection":[{"href":"https:\/\/www.consulting-bacher.de\/es\/wp-json\/wp\/v2\/pages"}],"about":[{"href":"https:\/\/www.consulting-bacher.de\/es\/wp-json\/wp\/v2\/types\/page"}],"author":[{"embeddable":true,"href":"https:\/\/www.consulting-bacher.de\/es\/wp-json\/wp\/v2\/users\/1"}],"replies":[{"embeddable":true,"href":"https:\/\/www.consulting-bacher.de\/es\/wp-json\/wp\/v2\/comments?post=888"}],"version-history":[{"count":3,"href":"https:\/\/www.consulting-bacher.de\/es\/wp-json\/wp\/v2\/pages\/888\/revisions"}],"predecessor-version":[{"id":1974,"href":"https:\/\/www.consulting-bacher.de\/es\/wp-json\/wp\/v2\/pages\/888\/revisions\/1974"}],"wp:attachment":[{"href":"https:\/\/www.consulting-bacher.de\/es\/wp-json\/wp\/v2\/media?parent=888"}],"curies":[{"name":"wp","href":"https:\/\/api.w.org\/{rel}","templated":true}]}}