{"id":883,"date":"2023-03-24T16:12:06","date_gmt":"2023-03-24T16:12:06","guid":{"rendered":"https:\/\/www.consulting-bacher.de\/fuer-unternehmen\/"},"modified":"2023-05-11T18:04:59","modified_gmt":"2023-05-11T18:04:59","slug":"para-empresas","status":"publish","type":"page","link":"https:\/\/www.consulting-bacher.de\/es\/para-empresas\/","title":{"rendered":"Para empresas"},"content":{"rendered":"<div class=\"wpb-content-wrapper\"><p>[vc_section el_class=\u00bbtop-banner-wrapper\u00bb][vc_row full_width=\u00bbstretch_row_content_no_spaces\u00bb][vc_column]<div class=\"custom-top-banner \"><div class=\"container lg relative\"><div class=\"text-box\"><h1 class=\"entry-title\"><span data-aos=\"fade-up\" class=\"delay-20\"><span>Socios de igual a igual<\/span><\/span><\/h1><\/div><\/div><div class=\"rellax has-parallax\" data-rellax-speed=\"-3\"><video autoplay muted loop playsinline><source src=\"https:\/\/www.consulting-bacher.de\/wp-content\/uploads\/2023\/03\/AdobeStock_469985412.mp4\" type=\"video\/mp4\">Your browser doesn't support HTML5 video tag.<\/video><\/div><\/div>[\/vc_column][\/vc_row][\/vc_section][vc_section el_class=\u00bbno-padding\u00bb][vc_row full_width=\u00bbstretch_row_content_no_spaces\u00bb el_class=\u00bbtablet-row\u00bb][vc_column width=\u00bb3\/4&#8243; el_class=\u00bbcol-3_4 col-left\u00bb]<div class=\"intro-box delay-40 wpb_content_element\" data-aos=\"fade-up\" data-aos-once=\"true\"><div class=\"inner-wrap\"><i class=\"scroll-to\">Scroll<\/i><div class=\"wpb_text_column text-lg\" data-aos=\"text-lines\" data-aos-once=\"true\"><p>Los grandes objetivos no se logran en solitario: son necesarios compa\u00f1eros de trabajo obedientes, fiables y aplicados para tener y mantener el \u00e9xito. Aunque son en las \u00e1reas de fiscalidad, derecho y auditor\u00eda donde los buenos profesionales escasean. \u00a1Para encontrar profesionales necesita profesionales! Estaremos encantados de ayudarle en la b\u00fasqueda de asesores fiscales, abogados y auditores, auxiliares jur\u00eddicos y fiscales, especialistas fiscales y asistentes fiscales y de auditor\u00eda.<\/p>\n<p>&nbsp;<\/p>\n<p><em>\u201eUna empresa es tan buena como las personas que tiene\u201c<\/em><br \/>\n<em>(Mary Kay Ceniza)<\/em><\/p>\n<\/div><\/div><\/div>[\/vc_column][vc_column width=\u00bb1\/4&#8243;][\/vc_column][\/vc_row][\/vc_section][vc_section el_class=\u00bbno-padding\u00bb][vc_row el_class=\u00bblg\u00bb][vc_column]<div class=\"content-slider-wrapper delay-20 wpb_content_element has-line\" data-aos=\"fade-up\" data-aos-once=\"true\"><div class=\"inner-wrap\"><div class=\"relative\"><div class=\"content-slider-imgs\"><figure class=\"img-box rellax has-parallax\" data-rellax-speed=\"-2\" data-rellax-percentage=\"0.5\" style=\"background-image: url(https:\/\/www.consulting-bacher.de\/wp-content\/uploads\/2023\/03\/AdobeStock_131176047-scaled.jpeg)\"><\/figure><\/div><\/div><\/div><div class=\"content-slider-desc\"><div class=\"slide-inner\"><div class=\"wpb_text_column\"><p>Hay empleados y empleados. No le ofrecemos un candidato cualquiera, sino el que realmente encaja con lo que est\u00e1 buscando. Como consultores en personal activos a nivel global y con una excelente red de contactos, tenemos acceso a un amplio grupo de candidatos potenciales, desde principiantes hasta especialistas o altos directivos. Nos tomamos el tiempo que sea necesario para conocer, tanto profesional como personalmente, a todos los candidatos en detalle. Por \u00faltimo, emparejamos sus deseos y necesidades con los de los candidatos para crear una relaci\u00f3n laboral duradera y de mutua satisfacci\u00f3n.<\/p>\n<\/div><\/div><\/div><div class=\"slider-controls content-slider-controls\"><\/div><\/div>[\/vc_column][\/vc_row][\/vc_section][vc_section][vc_row el_class=\u00bbtablet-row\u00bb][vc_column width=\u00bb5\/6&#8243;]<div class=\"custom-content wpb_content_element text-left \"><div class=\"inner-wrap\" data-aos=\"fade-up\" data-aos-once=\"true\"><div class=\"wpb_text_column delay-20\" data-aos=\"fade-up\" data-aos-once=\"true\"><p>La colaboraci\u00f3n con Bacher Consulting no le supone ning\u00fan riesgo, ya que trabajamos exclusivamente sobre la base del \u00e9xito. Solo cobramos por nuestros servicios si le proporcionamos un empleado adecuado. De esta forma, ahorra recursos y costes de contrataci\u00f3n innecesarios.<\/p>\n<\/div><\/div><\/div>[\/vc_column][vc_column width=\u00bb1\/6&#8243;][\/vc_column][\/vc_row][\/vc_section][vc_section][vc_row el_class=\u00bblg\u00bb][vc_column]<div class=\"cta-wrapper wpb_content_element reverse\"><div class=\"text-box delay-20\" data-aos=\"fade-up\" data-aos-once=\"true\"><h2 class=\"entry-title\" data-aos=\"fade-up\" data-aos-once=\"true\"><span><span>\u00bfListo para el siguiente paso?<\/span><\/span><\/h2><div class=\"wpb_text_column delay-20\" data-aos=\"fade-up\" data-aos-once=\"true\"><p>\u00a1Hablemos! Estamos deseando analizar con usted la manera en que su empresa puede beneficiarse de los servicios de Bacher Consulting.<\/p>\n<\/div><a href=\"https:\/\/www.consulting-bacher.de\/es\/contacto\/\" target=\"\" class=\"custom-btn delay-40\" data-aos=\"fade-up\" data-aos-once=\"true\"><span>Cont\u00e1ctenos<\/span><\/a><\/div><div class=\"img-box\" data-aos=\"fade-up\" data-aos-once=\"true\"><div><figure class=\"rellax has-parallax\" data-rellax-speed=\"-2\" data-rellax-percentage=\"0.5\"><img decoding=\"async\" src=\"https:\/\/www.consulting-bacher.de\/wp-content\/uploads\/2023\/04\/AdobeStock_274674600-1-scaled-e1680605739513.jpg\"><\/figure><\/div><\/div><\/div>[\/vc_column][\/vc_row][\/vc_section]<\/p>\n<\/div>","protected":false},"excerpt":{"rendered":"<p>[vc_section el_class=\u00bbtop-banner-wrapper\u00bb][vc_row full_width=\u00bbstretch_row_content_no_spaces\u00bb][vc_column][\/vc_column][\/vc_row][\/vc_section][vc_section el_class=\u00bbno-padding\u00bb][vc_row full_width=\u00bbstretch_row_content_no_spaces\u00bb el_class=\u00bbtablet-row\u00bb][vc_column width=\u00bb3\/4&#8243; el_class=\u00bbcol-3_4 col-left\u00bb][\/vc_column][vc_column width=\u00bb1\/4&#8243;][\/vc_column][\/vc_row][\/vc_section][vc_section el_class=\u00bbno-padding\u00bb][vc_row el_class=\u00bblg\u00bb][vc_column][\/vc_column][\/vc_row][\/vc_section][vc_section][vc_row el_class=\u00bbtablet-row\u00bb][vc_column width=\u00bb5\/6&#8243;][\/vc_column][vc_column width=\u00bb1\/6&#8243;][\/vc_column][\/vc_row][\/vc_section][vc_section][vc_row el_class=\u00bblg\u00bb][vc_column][\/vc_column][\/vc_row][\/vc_section]<\/p>\n","protected":false},"author":1,"featured_media":0,"parent":0,"menu_order":0,"comment_status":"closed","ping_status":"closed","template":"","meta":{"_acf_changed":false,"footnotes":""},"class_list":["post-883","page","type-page","status-publish","hentry"],"acf":[],"yoast_head":"<!-- This site is optimized with the Yoast SEO plugin v27.5 - https:\/\/yoast.com\/product\/yoast-seo-wordpress\/ -->\n<title>Para empresas - Bacher Consulting<\/title>\n<meta name=\"robots\" content=\"index, follow, max-snippet:-1, max-image-preview:large, max-video-preview:-1\" \/>\n<link rel=\"canonical\" href=\"https:\/\/www.consulting-bacher.de\/es\/para-empresas\/\" \/>\n<meta property=\"og:locale\" content=\"es_ES\" \/>\n<meta property=\"og:type\" content=\"article\" \/>\n<meta property=\"og:title\" content=\"Para empresas - Bacher Consulting\" \/>\n<meta property=\"og:description\" content=\"[vc_section el_class=\u00bbtop-banner-wrapper\u00bb][vc_row full_width=\u00bbstretch_row_content_no_spaces\u00bb][vc_column][\/vc_column][\/vc_row][\/vc_section][vc_section el_class=\u00bbno-padding\u00bb][vc_row full_width=\u00bbstretch_row_content_no_spaces\u00bb el_class=\u00bbtablet-row\u00bb][vc_column width=\u00bb3\/4&#8243; el_class=\u00bbcol-3_4 col-left\u00bb][\/vc_column][vc_column width=\u00bb1\/4&#8243;][\/vc_column][\/vc_row][\/vc_section][vc_section el_class=\u00bbno-padding\u00bb][vc_row el_class=\u00bblg\u00bb][vc_column][\/vc_column][\/vc_row][\/vc_section][vc_section][vc_row el_class=\u00bbtablet-row\u00bb][vc_column width=\u00bb5\/6&#8243;][\/vc_column][vc_column width=\u00bb1\/6&#8243;][\/vc_column][\/vc_row][\/vc_section][vc_section][vc_row el_class=\u00bblg\u00bb][vc_column][\/vc_column][\/vc_row][\/vc_section]\" \/>\n<meta property=\"og:url\" content=\"https:\/\/www.consulting-bacher.de\/es\/para-empresas\/\" \/>\n<meta property=\"og:site_name\" content=\"Bacher Consulting\" \/>\n<meta property=\"article:modified_time\" content=\"2023-05-11T18:04:59+00:00\" \/>\n<meta name=\"twitter:card\" content=\"summary_large_image\" \/>\n<meta name=\"twitter:label1\" content=\"Tiempo de lectura\" \/>\n\t<meta name=\"twitter:data1\" content=\"1 minuto\" \/>\n<script type=\"application\/ld+json\" class=\"yoast-schema-graph\">{\"@context\":\"https:\\\/\\\/schema.org\",\"@graph\":[{\"@type\":\"WebPage\",\"@id\":\"https:\\\/\\\/www.consulting-bacher.de\\\/es\\\/para-empresas\\\/\",\"url\":\"https:\\\/\\\/www.consulting-bacher.de\\\/es\\\/para-empresas\\\/\",\"name\":\"Para empresas - Bacher Consulting\",\"isPartOf\":{\"@id\":\"https:\\\/\\\/www.consulting-bacher.de\\\/es\\\/#website\"},\"datePublished\":\"2023-03-24T16:12:06+00:00\",\"dateModified\":\"2023-05-11T18:04:59+00:00\",\"breadcrumb\":{\"@id\":\"https:\\\/\\\/www.consulting-bacher.de\\\/es\\\/para-empresas\\\/#breadcrumb\"},\"inLanguage\":\"es\",\"potentialAction\":[{\"@type\":\"ReadAction\",\"target\":[\"https:\\\/\\\/www.consulting-bacher.de\\\/es\\\/para-empresas\\\/\"]}]},{\"@type\":\"BreadcrumbList\",\"@id\":\"https:\\\/\\\/www.consulting-bacher.de\\\/es\\\/para-empresas\\\/#breadcrumb\",\"itemListElement\":[{\"@type\":\"ListItem\",\"position\":1,\"name\":\"Home\",\"item\":\"https:\\\/\\\/www.consulting-bacher.de\\\/es\\\/\"},{\"@type\":\"ListItem\",\"position\":2,\"name\":\"Para empresas\"}]},{\"@type\":\"WebSite\",\"@id\":\"https:\\\/\\\/www.consulting-bacher.de\\\/es\\\/#website\",\"url\":\"https:\\\/\\\/www.consulting-bacher.de\\\/es\\\/\",\"name\":\"Bacher Consulting\",\"description\":\"\",\"publisher\":{\"@id\":\"https:\\\/\\\/www.consulting-bacher.de\\\/es\\\/#organization\"},\"potentialAction\":[{\"@type\":\"SearchAction\",\"target\":{\"@type\":\"EntryPoint\",\"urlTemplate\":\"https:\\\/\\\/www.consulting-bacher.de\\\/es\\\/?s={search_term_string}\"},\"query-input\":{\"@type\":\"PropertyValueSpecification\",\"valueRequired\":true,\"valueName\":\"search_term_string\"}}],\"inLanguage\":\"es\"},{\"@type\":\"Organization\",\"@id\":\"https:\\\/\\\/www.consulting-bacher.de\\\/es\\\/#organization\",\"name\":\"Bacher Consulting\",\"url\":\"https:\\\/\\\/www.consulting-bacher.de\\\/es\\\/\",\"logo\":{\"@type\":\"ImageObject\",\"inLanguage\":\"es\",\"@id\":\"https:\\\/\\\/www.consulting-bacher.de\\\/es\\\/#\\\/schema\\\/logo\\\/image\\\/\",\"url\":\"https:\\\/\\\/www.consulting-bacher.de\\\/wp-content\\\/uploads\\\/2023\\\/03\\\/backer_logo_final.png\",\"contentUrl\":\"https:\\\/\\\/www.consulting-bacher.de\\\/wp-content\\\/uploads\\\/2023\\\/03\\\/backer_logo_final.png\",\"width\":442,\"height\":120,\"caption\":\"Bacher Consulting\"},\"image\":{\"@id\":\"https:\\\/\\\/www.consulting-bacher.de\\\/es\\\/#\\\/schema\\\/logo\\\/image\\\/\"}}]}<\/script>\n<!-- \/ Yoast SEO plugin. -->","yoast_head_json":{"title":"Para empresas - Bacher Consulting","robots":{"index":"index","follow":"follow","max-snippet":"max-snippet:-1","max-image-preview":"max-image-preview:large","max-video-preview":"max-video-preview:-1"},"canonical":"https:\/\/www.consulting-bacher.de\/es\/para-empresas\/","og_locale":"es_ES","og_type":"article","og_title":"Para empresas - Bacher Consulting","og_description":"[vc_section el_class=\u00bbtop-banner-wrapper\u00bb][vc_row full_width=\u00bbstretch_row_content_no_spaces\u00bb][vc_column][\/vc_column][\/vc_row][\/vc_section][vc_section el_class=\u00bbno-padding\u00bb][vc_row full_width=\u00bbstretch_row_content_no_spaces\u00bb el_class=\u00bbtablet-row\u00bb][vc_column width=\u00bb3\/4&#8243; el_class=\u00bbcol-3_4 col-left\u00bb][\/vc_column][vc_column width=\u00bb1\/4&#8243;][\/vc_column][\/vc_row][\/vc_section][vc_section el_class=\u00bbno-padding\u00bb][vc_row el_class=\u00bblg\u00bb][vc_column][\/vc_column][\/vc_row][\/vc_section][vc_section][vc_row el_class=\u00bbtablet-row\u00bb][vc_column width=\u00bb5\/6&#8243;][\/vc_column][vc_column width=\u00bb1\/6&#8243;][\/vc_column][\/vc_row][\/vc_section][vc_section][vc_row el_class=\u00bblg\u00bb][vc_column][\/vc_column][\/vc_row][\/vc_section]","og_url":"https:\/\/www.consulting-bacher.de\/es\/para-empresas\/","og_site_name":"Bacher Consulting","article_modified_time":"2023-05-11T18:04:59+00:00","twitter_card":"summary_large_image","twitter_misc":{"Tiempo de lectura":"1 minuto"},"schema":{"@context":"https:\/\/schema.org","@graph":[{"@type":"WebPage","@id":"https:\/\/www.consulting-bacher.de\/es\/para-empresas\/","url":"https:\/\/www.consulting-bacher.de\/es\/para-empresas\/","name":"Para empresas - Bacher Consulting","isPartOf":{"@id":"https:\/\/www.consulting-bacher.de\/es\/#website"},"datePublished":"2023-03-24T16:12:06+00:00","dateModified":"2023-05-11T18:04:59+00:00","breadcrumb":{"@id":"https:\/\/www.consulting-bacher.de\/es\/para-empresas\/#breadcrumb"},"inLanguage":"es","potentialAction":[{"@type":"ReadAction","target":["https:\/\/www.consulting-bacher.de\/es\/para-empresas\/"]}]},{"@type":"BreadcrumbList","@id":"https:\/\/www.consulting-bacher.de\/es\/para-empresas\/#breadcrumb","itemListElement":[{"@type":"ListItem","position":1,"name":"Home","item":"https:\/\/www.consulting-bacher.de\/es\/"},{"@type":"ListItem","position":2,"name":"Para empresas"}]},{"@type":"WebSite","@id":"https:\/\/www.consulting-bacher.de\/es\/#website","url":"https:\/\/www.consulting-bacher.de\/es\/","name":"Bacher Consulting","description":"","publisher":{"@id":"https:\/\/www.consulting-bacher.de\/es\/#organization"},"potentialAction":[{"@type":"SearchAction","target":{"@type":"EntryPoint","urlTemplate":"https:\/\/www.consulting-bacher.de\/es\/?s={search_term_string}"},"query-input":{"@type":"PropertyValueSpecification","valueRequired":true,"valueName":"search_term_string"}}],"inLanguage":"es"},{"@type":"Organization","@id":"https:\/\/www.consulting-bacher.de\/es\/#organization","name":"Bacher Consulting","url":"https:\/\/www.consulting-bacher.de\/es\/","logo":{"@type":"ImageObject","inLanguage":"es","@id":"https:\/\/www.consulting-bacher.de\/es\/#\/schema\/logo\/image\/","url":"https:\/\/www.consulting-bacher.de\/wp-content\/uploads\/2023\/03\/backer_logo_final.png","contentUrl":"https:\/\/www.consulting-bacher.de\/wp-content\/uploads\/2023\/03\/backer_logo_final.png","width":442,"height":120,"caption":"Bacher Consulting"},"image":{"@id":"https:\/\/www.consulting-bacher.de\/es\/#\/schema\/logo\/image\/"}}]}},"_links":{"self":[{"href":"https:\/\/www.consulting-bacher.de\/es\/wp-json\/wp\/v2\/pages\/883","targetHints":{"allow":["GET"]}}],"collection":[{"href":"https:\/\/www.consulting-bacher.de\/es\/wp-json\/wp\/v2\/pages"}],"about":[{"href":"https:\/\/www.consulting-bacher.de\/es\/wp-json\/wp\/v2\/types\/page"}],"author":[{"embeddable":true,"href":"https:\/\/www.consulting-bacher.de\/es\/wp-json\/wp\/v2\/users\/1"}],"replies":[{"embeddable":true,"href":"https:\/\/www.consulting-bacher.de\/es\/wp-json\/wp\/v2\/comments?post=883"}],"version-history":[{"count":6,"href":"https:\/\/www.consulting-bacher.de\/es\/wp-json\/wp\/v2\/pages\/883\/revisions"}],"predecessor-version":[{"id":1160,"href":"https:\/\/www.consulting-bacher.de\/es\/wp-json\/wp\/v2\/pages\/883\/revisions\/1160"}],"wp:attachment":[{"href":"https:\/\/www.consulting-bacher.de\/es\/wp-json\/wp\/v2\/media?parent=883"}],"curies":[{"name":"wp","href":"https:\/\/api.w.org\/{rel}","templated":true}]}}