{"id":879,"date":"2023-03-24T00:27:56","date_gmt":"2023-03-24T00:27:56","guid":{"rendered":"https:\/\/www.consulting-bacher.de\/fuer-kandidaten\/"},"modified":"2023-05-11T18:04:21","modified_gmt":"2023-05-11T18:04:21","slug":"para-candidatos","status":"publish","type":"page","link":"https:\/\/www.consulting-bacher.de\/es\/para-candidatos\/","title":{"rendered":"Para candidatos"},"content":{"rendered":"<div class=\"wpb-content-wrapper\"><p>[vc_section el_class=\u00bbtop-banner-wrapper\u00bb][vc_row full_width=\u00bbstretch_row_content_no_spaces\u00bb][vc_column]<div class=\"custom-top-banner \"><div class=\"container lg relative\"><div class=\"text-box\"><h1 class=\"entry-title\"><span data-aos=\"fade-up\" class=\"delay-20\"><span>Tiempo de cambios<\/span><\/span><\/h1><\/div><\/div><div class=\"rellax has-parallax\" data-rellax-speed=\"-3\"><video autoplay muted loop playsinline><source src=\"https:\/\/www.consulting-bacher.de\/wp-content\/uploads\/2023\/03\/AdobeStock_460381034.mp4\" type=\"video\/mp4\">Your browser doesn't support HTML5 video tag.<\/video><\/div><\/div>[\/vc_column][\/vc_row][\/vc_section][vc_section][vc_row full_width=\u00bbstretch_row_content_no_spaces\u00bb el_class=\u00bbtablet-row\u00bb][vc_column width=\u00bb3\/4&#8243; el_class=\u00bbcol-3_4 col-left\u00bb]<div class=\"intro-box delay-40 wpb_content_element\" data-aos=\"fade-up\" data-aos-once=\"true\"><div class=\"inner-wrap\"><i class=\"scroll-to\">Scroll<\/i><div class=\"wpb_text_column \" data-aos=\"text-lines\" data-aos-once=\"true\"><p><em>\u201eLa \u00fanica constante en la vida es el cambio\u201c (Her\u00e1clito de \u00c9feso)<\/em><\/p>\n<p>&nbsp;<\/p>\n<p>En este mundo tan acelerado en el que vivimos podemos aplicar esta cita mejor que nunca. En nuestra vida profesional no solo cambian los procesos, las normas y los modelos empresariales, sino tambi\u00e9n nuestros deseos personales, nuestras ideas y las exigencias del empleador.<\/p>\n<p>&nbsp;<\/p>\n<h3><strong>\u00bfEst\u00e1 satisfecho con su trabajo actual? <\/strong><\/h3>\n<p>Hay muchas buenas razones para un cambio de profesi\u00f3n: quiz\u00e1 quiera mejorar sus perspectivas salariales o de ascenso, o puede que est\u00e9 buscando un jefe m\u00e1s relajado o un equipo m\u00e1s agradable. A lo mejor quiere desarrollarse, buscar nuevos retos y cambiar de campo. \u00bfO est\u00e1 buscando maneras de conciliar mejor el trabajo y la vida familiar? Estaremos encantados de ayudarle en su b\u00fasqueda y encontrar la empresa que m\u00e1s se ajuste a sus necesidades.<\/p>\n<p>&nbsp;<\/p>\n<p><em>\u201eNunca es demasiado tarde para convertirte en lo que podr\u00edas haber sido\u201c (George Eliot)<\/em><\/p>\n<\/div><\/div><\/div>[\/vc_column][vc_column width=\u00bb1\/4&#8243;][\/vc_column][\/vc_row][\/vc_section][vc_section el_class=\u00bbsticky-parent no-padding\u00bb][vc_row][vc_column]<div class=\"benefits-wrapper wpb_content_element\"><div class=\"sticky-image\"><img loading=\"lazy\" decoding=\"async\" width=\"1\" height=\"1\" src=\"https:\/\/www.consulting-bacher.de\/wp-content\/uploads\/2023\/03\/logo_bacher-grun.svg\" class=\"attachment-thumbnail size-thumbnail\" alt=\"\" \/><\/div><h2 class=\"entry-title text-left\" data-aos=\"fade-split\" data-aos-once=\"true\"><span><span>Sus ventajas con Bacher Consulting<\/span><\/span><\/h2><div class=\"benefits flexbox\"><div class=\"benefit-box\" data-aos=\"fade-up\" data-aos-once=\"true\"><h3>Orientaci\u00f3n profesional<\/h3><div class=\"wpb_text_column\"><p>Asesoramos a consultores fiscales, abogados y auditores, auxiliares fiscales y jur\u00eddicos, especialistas fiscales y asistentes fiscales y de auditor\u00eda. Tanto si quiere un cambio profesional dentro de su industria o si est\u00e1 pensando en cambiar de industria: analizaremos conjuntamente las opciones que tiene para planificar su carrera profesional a largo plazo.<\/p>\n<\/div><\/div><div class=\"benefit-box\" data-aos=\"fade-up\" data-aos-once=\"true\"><h3>Un acierto perfecto<\/h3><div class=\"wpb_text_column\"><p>Estamos deseando conocerle. Somos todo o\u00eddos para entender lo que le impulsa y lo que quiere. Nos tomamos el tiempo necesario a la hora de intercambiar informaci\u00f3n personal y, bas\u00e1ndonos en nuestras entrevistas, \u00fanicamente le presentamos las empresas que realmente se adaptan a sus necesidades.<\/p>\n<\/div><\/div><div class=\"benefit-box\" data-aos=\"fade-up\" data-aos-once=\"true\"><div class=\"figure-box\"><figure class=\"rellax has-parallax\" data-rellax-speed=\"-2\" data-rellax-percentage=\"0.5\" style=\"background-image: url(https:\/\/www.consulting-bacher.de\/wp-content\/uploads\/2023\/04\/kandidaten-scaled-e1680693758497.jpg)\"><\/figure><\/div><\/div><div class=\"benefit-box\" data-aos=\"fade-up\" data-aos-once=\"true\"><h3>Enfocados en el candidato<\/h3><div class=\"wpb_text_column\"><p>Las empresas no constituyen el punto de partida en nuestro trabajo de mediaci\u00f3n, sino los candidatos y sus deseos. Trabajamos con varias empresas asociadas en base a acuerdos legales y no aceptamos pedidos especiales por parte de empresas. De manera que no estamos obligados a presentarle un trabajo como atractivo si en realidad no le conviene.<\/p>\n<\/div><\/div><div class=\"benefit-box\" data-aos=\"fade-up\" data-aos-once=\"true\"><h3>Vacantes no oficiales<\/h3><div class=\"wpb_text_column\"><p>Las mejores vacantes no siempre aparecen en el tabl\u00f3n de anuncios. Para evitar problemas, muchas empresas no suelen anunciar oficialmente las vacantes. Gracias a nuestra red global y a los contactos que mantenemos desde hace muchos a\u00f1os, tambi\u00e9n se nos conf\u00edan vacantes no oficiales, informaci\u00f3n que aprovechamos en beneficio suyo.<\/p>\n<\/div><\/div><div class=\"benefit-box\" data-aos=\"fade-up\" data-aos-once=\"true\"><h3>Sin costos<\/h3><div class=\"wpb_text_column\"><p>Nuestro servicio no solo no es vinculante para usted como candidato, sino que adem\u00e1s es totalmente gratuito. Una vez que hayamos encontrado la empresa adecuada para usted, \u00e9sta se encargar\u00e1 de sufragar los costes de nuestra mediaci\u00f3n.<\/p>\n<\/div><\/div><\/div><\/div>[\/vc_column][\/vc_row][\/vc_section][vc_section][vc_row][vc_column]<div class=\"custom-content wpb_content_element text-center has-bg \" data-aos=\"fade-up\" data-aos-once=\"true\"><div class=\"inner-wrap\" data-aos=\"fade-up\" data-aos-once=\"true\"><h2 class=\"entry-title\" data-aos=\"fade-split\" data-aos-once=\"true\"><span><span>Usted es el centro de inter\u00e9s<\/span><\/span><\/h2><div class=\"wpb_text_column delay-20\" data-aos=\"fade-up\" data-aos-once=\"true\"><p>El planteamiento con el que trabajamos en nuestra consultora en recursos humanos es \u00fanico: \u00a1Ya que el enfoque gira entorno a usted!<\/p>\n<p>Somos su proveedor de servicios y socio comercial al mismo tiempo. Como especialistas del sector, sabemos lo que decimos y sabemos lo que quiere. Consideremos que un intercambio personal abierto y una cooperaci\u00f3n de confianza son los requisitos previos para una cooperaci\u00f3n exitosa.<\/p>\n<\/div><\/div><\/div>[\/vc_column][\/vc_row][\/vc_section][vc_section][vc_row el_class=\u00bblg\u00bb][vc_column]<div class=\"cta-wrapper wpb_content_element \"><div class=\"text-box delay-20\" data-aos=\"fade-up\" data-aos-once=\"true\"><h2 class=\"entry-title\" data-aos=\"fade-up\" data-aos-once=\"true\"><span><span>\u00bfListo para un cambio?<\/span><\/span><\/h2><div class=\"wpb_text_column delay-20\" data-aos=\"fade-up\" data-aos-once=\"true\"><p>\u00a1Le esperamos! Analicemos sin compromiso las oportunidades profesionales que tiene a su disposici\u00f3n y c\u00f3mo puede beneficiarse de los servicios de Bacher Consulting.<\/p>\n<\/div><a href=\"https:\/\/www.consulting-bacher.de\/es\/contacto\/\" target=\"\" class=\"custom-btn delay-40\" data-aos=\"fade-up\" data-aos-once=\"true\"><span>Cont\u00e1ctenos<\/span><\/a><\/div><div class=\"img-box\" data-aos=\"fade-up\" data-aos-once=\"true\"><div><figure class=\"rellax has-parallax\" data-rellax-speed=\"-2\" data-rellax-percentage=\"0.5\"><img decoding=\"async\" src=\"https:\/\/www.consulting-bacher.de\/wp-content\/uploads\/2023\/04\/AdobeStock_342992788-1-scaled.jpg\"><\/figure><\/div><\/div><\/div>[\/vc_column][\/vc_row][\/vc_section]<\/p>\n<\/div>","protected":false},"excerpt":{"rendered":"<p>[vc_section el_class=\u00bbtop-banner-wrapper\u00bb][vc_row full_width=\u00bbstretch_row_content_no_spaces\u00bb][vc_column][\/vc_column][\/vc_row][\/vc_section][vc_section][vc_row full_width=\u00bbstretch_row_content_no_spaces\u00bb el_class=\u00bbtablet-row\u00bb][vc_column width=\u00bb3\/4&#8243; el_class=\u00bbcol-3_4 col-left\u00bb][\/vc_column][vc_column width=\u00bb1\/4&#8243;][\/vc_column][\/vc_row][\/vc_section][vc_section el_class=\u00bbsticky-parent no-padding\u00bb][vc_row][vc_column][\/vc_column][\/vc_row][\/vc_section][vc_section][vc_row][vc_column][\/vc_column][\/vc_row][\/vc_section][vc_section][vc_row el_class=\u00bblg\u00bb][vc_column][\/vc_column][\/vc_row][\/vc_section]<\/p>\n","protected":false},"author":1,"featured_media":0,"parent":0,"menu_order":0,"comment_status":"closed","ping_status":"closed","template":"","meta":{"_acf_changed":false,"footnotes":""},"class_list":["post-879","page","type-page","status-publish","hentry"],"acf":[],"yoast_head":"<!-- This site is optimized with the Yoast SEO plugin v27.4 - https:\/\/yoast.com\/product\/yoast-seo-wordpress\/ -->\n<title>Para candidatos - Bacher Consulting<\/title>\n<meta name=\"robots\" content=\"index, follow, max-snippet:-1, max-image-preview:large, max-video-preview:-1\" \/>\n<link rel=\"canonical\" href=\"https:\/\/www.consulting-bacher.de\/es\/para-candidatos\/\" \/>\n<meta property=\"og:locale\" content=\"es_ES\" \/>\n<meta property=\"og:type\" content=\"article\" \/>\n<meta property=\"og:title\" content=\"Para candidatos - Bacher Consulting\" \/>\n<meta property=\"og:description\" content=\"[vc_section el_class=\u00bbtop-banner-wrapper\u00bb][vc_row full_width=\u00bbstretch_row_content_no_spaces\u00bb][vc_column][\/vc_column][\/vc_row][\/vc_section][vc_section][vc_row full_width=\u00bbstretch_row_content_no_spaces\u00bb el_class=\u00bbtablet-row\u00bb][vc_column width=\u00bb3\/4&#8243; el_class=\u00bbcol-3_4 col-left\u00bb][\/vc_column][vc_column width=\u00bb1\/4&#8243;][\/vc_column][\/vc_row][\/vc_section][vc_section el_class=\u00bbsticky-parent no-padding\u00bb][vc_row][vc_column][\/vc_column][\/vc_row][\/vc_section][vc_section][vc_row][vc_column][\/vc_column][\/vc_row][\/vc_section][vc_section][vc_row el_class=\u00bblg\u00bb][vc_column][\/vc_column][\/vc_row][\/vc_section]\" \/>\n<meta property=\"og:url\" content=\"https:\/\/www.consulting-bacher.de\/es\/para-candidatos\/\" \/>\n<meta property=\"og:site_name\" content=\"Bacher Consulting\" \/>\n<meta property=\"article:modified_time\" content=\"2023-05-11T18:04:21+00:00\" \/>\n<meta name=\"twitter:card\" content=\"summary_large_image\" \/>\n<meta name=\"twitter:label1\" content=\"Tiempo de lectura\" \/>\n\t<meta name=\"twitter:data1\" content=\"2 minutos\" \/>\n<script type=\"application\/ld+json\" class=\"yoast-schema-graph\">{\"@context\":\"https:\\\/\\\/schema.org\",\"@graph\":[{\"@type\":\"WebPage\",\"@id\":\"https:\\\/\\\/www.consulting-bacher.de\\\/es\\\/para-candidatos\\\/\",\"url\":\"https:\\\/\\\/www.consulting-bacher.de\\\/es\\\/para-candidatos\\\/\",\"name\":\"Para candidatos - Bacher Consulting\",\"isPartOf\":{\"@id\":\"https:\\\/\\\/www.consulting-bacher.de\\\/es\\\/#website\"},\"datePublished\":\"2023-03-24T00:27:56+00:00\",\"dateModified\":\"2023-05-11T18:04:21+00:00\",\"breadcrumb\":{\"@id\":\"https:\\\/\\\/www.consulting-bacher.de\\\/es\\\/para-candidatos\\\/#breadcrumb\"},\"inLanguage\":\"es\",\"potentialAction\":[{\"@type\":\"ReadAction\",\"target\":[\"https:\\\/\\\/www.consulting-bacher.de\\\/es\\\/para-candidatos\\\/\"]}]},{\"@type\":\"BreadcrumbList\",\"@id\":\"https:\\\/\\\/www.consulting-bacher.de\\\/es\\\/para-candidatos\\\/#breadcrumb\",\"itemListElement\":[{\"@type\":\"ListItem\",\"position\":1,\"name\":\"Home\",\"item\":\"https:\\\/\\\/www.consulting-bacher.de\\\/es\\\/\"},{\"@type\":\"ListItem\",\"position\":2,\"name\":\"Para candidatos\"}]},{\"@type\":\"WebSite\",\"@id\":\"https:\\\/\\\/www.consulting-bacher.de\\\/es\\\/#website\",\"url\":\"https:\\\/\\\/www.consulting-bacher.de\\\/es\\\/\",\"name\":\"Bacher Consulting\",\"description\":\"\",\"publisher\":{\"@id\":\"https:\\\/\\\/www.consulting-bacher.de\\\/es\\\/#organization\"},\"potentialAction\":[{\"@type\":\"SearchAction\",\"target\":{\"@type\":\"EntryPoint\",\"urlTemplate\":\"https:\\\/\\\/www.consulting-bacher.de\\\/es\\\/?s={search_term_string}\"},\"query-input\":{\"@type\":\"PropertyValueSpecification\",\"valueRequired\":true,\"valueName\":\"search_term_string\"}}],\"inLanguage\":\"es\"},{\"@type\":\"Organization\",\"@id\":\"https:\\\/\\\/www.consulting-bacher.de\\\/es\\\/#organization\",\"name\":\"Bacher Consulting\",\"url\":\"https:\\\/\\\/www.consulting-bacher.de\\\/es\\\/\",\"logo\":{\"@type\":\"ImageObject\",\"inLanguage\":\"es\",\"@id\":\"https:\\\/\\\/www.consulting-bacher.de\\\/es\\\/#\\\/schema\\\/logo\\\/image\\\/\",\"url\":\"https:\\\/\\\/www.consulting-bacher.de\\\/wp-content\\\/uploads\\\/2023\\\/03\\\/backer_logo_final.png\",\"contentUrl\":\"https:\\\/\\\/www.consulting-bacher.de\\\/wp-content\\\/uploads\\\/2023\\\/03\\\/backer_logo_final.png\",\"width\":442,\"height\":120,\"caption\":\"Bacher Consulting\"},\"image\":{\"@id\":\"https:\\\/\\\/www.consulting-bacher.de\\\/es\\\/#\\\/schema\\\/logo\\\/image\\\/\"}}]}<\/script>\n<!-- \/ Yoast SEO plugin. -->","yoast_head_json":{"title":"Para candidatos - Bacher Consulting","robots":{"index":"index","follow":"follow","max-snippet":"max-snippet:-1","max-image-preview":"max-image-preview:large","max-video-preview":"max-video-preview:-1"},"canonical":"https:\/\/www.consulting-bacher.de\/es\/para-candidatos\/","og_locale":"es_ES","og_type":"article","og_title":"Para candidatos - Bacher Consulting","og_description":"[vc_section el_class=\u00bbtop-banner-wrapper\u00bb][vc_row full_width=\u00bbstretch_row_content_no_spaces\u00bb][vc_column][\/vc_column][\/vc_row][\/vc_section][vc_section][vc_row full_width=\u00bbstretch_row_content_no_spaces\u00bb el_class=\u00bbtablet-row\u00bb][vc_column width=\u00bb3\/4&#8243; el_class=\u00bbcol-3_4 col-left\u00bb][\/vc_column][vc_column width=\u00bb1\/4&#8243;][\/vc_column][\/vc_row][\/vc_section][vc_section el_class=\u00bbsticky-parent no-padding\u00bb][vc_row][vc_column][\/vc_column][\/vc_row][\/vc_section][vc_section][vc_row][vc_column][\/vc_column][\/vc_row][\/vc_section][vc_section][vc_row el_class=\u00bblg\u00bb][vc_column][\/vc_column][\/vc_row][\/vc_section]","og_url":"https:\/\/www.consulting-bacher.de\/es\/para-candidatos\/","og_site_name":"Bacher Consulting","article_modified_time":"2023-05-11T18:04:21+00:00","twitter_card":"summary_large_image","twitter_misc":{"Tiempo de lectura":"2 minutos"},"schema":{"@context":"https:\/\/schema.org","@graph":[{"@type":"WebPage","@id":"https:\/\/www.consulting-bacher.de\/es\/para-candidatos\/","url":"https:\/\/www.consulting-bacher.de\/es\/para-candidatos\/","name":"Para candidatos - Bacher Consulting","isPartOf":{"@id":"https:\/\/www.consulting-bacher.de\/es\/#website"},"datePublished":"2023-03-24T00:27:56+00:00","dateModified":"2023-05-11T18:04:21+00:00","breadcrumb":{"@id":"https:\/\/www.consulting-bacher.de\/es\/para-candidatos\/#breadcrumb"},"inLanguage":"es","potentialAction":[{"@type":"ReadAction","target":["https:\/\/www.consulting-bacher.de\/es\/para-candidatos\/"]}]},{"@type":"BreadcrumbList","@id":"https:\/\/www.consulting-bacher.de\/es\/para-candidatos\/#breadcrumb","itemListElement":[{"@type":"ListItem","position":1,"name":"Home","item":"https:\/\/www.consulting-bacher.de\/es\/"},{"@type":"ListItem","position":2,"name":"Para candidatos"}]},{"@type":"WebSite","@id":"https:\/\/www.consulting-bacher.de\/es\/#website","url":"https:\/\/www.consulting-bacher.de\/es\/","name":"Bacher Consulting","description":"","publisher":{"@id":"https:\/\/www.consulting-bacher.de\/es\/#organization"},"potentialAction":[{"@type":"SearchAction","target":{"@type":"EntryPoint","urlTemplate":"https:\/\/www.consulting-bacher.de\/es\/?s={search_term_string}"},"query-input":{"@type":"PropertyValueSpecification","valueRequired":true,"valueName":"search_term_string"}}],"inLanguage":"es"},{"@type":"Organization","@id":"https:\/\/www.consulting-bacher.de\/es\/#organization","name":"Bacher Consulting","url":"https:\/\/www.consulting-bacher.de\/es\/","logo":{"@type":"ImageObject","inLanguage":"es","@id":"https:\/\/www.consulting-bacher.de\/es\/#\/schema\/logo\/image\/","url":"https:\/\/www.consulting-bacher.de\/wp-content\/uploads\/2023\/03\/backer_logo_final.png","contentUrl":"https:\/\/www.consulting-bacher.de\/wp-content\/uploads\/2023\/03\/backer_logo_final.png","width":442,"height":120,"caption":"Bacher Consulting"},"image":{"@id":"https:\/\/www.consulting-bacher.de\/es\/#\/schema\/logo\/image\/"}}]}},"_links":{"self":[{"href":"https:\/\/www.consulting-bacher.de\/es\/wp-json\/wp\/v2\/pages\/879","targetHints":{"allow":["GET"]}}],"collection":[{"href":"https:\/\/www.consulting-bacher.de\/es\/wp-json\/wp\/v2\/pages"}],"about":[{"href":"https:\/\/www.consulting-bacher.de\/es\/wp-json\/wp\/v2\/types\/page"}],"author":[{"embeddable":true,"href":"https:\/\/www.consulting-bacher.de\/es\/wp-json\/wp\/v2\/users\/1"}],"replies":[{"embeddable":true,"href":"https:\/\/www.consulting-bacher.de\/es\/wp-json\/wp\/v2\/comments?post=879"}],"version-history":[{"count":7,"href":"https:\/\/www.consulting-bacher.de\/es\/wp-json\/wp\/v2\/pages\/879\/revisions"}],"predecessor-version":[{"id":1159,"href":"https:\/\/www.consulting-bacher.de\/es\/wp-json\/wp\/v2\/pages\/879\/revisions\/1159"}],"wp:attachment":[{"href":"https:\/\/www.consulting-bacher.de\/es\/wp-json\/wp\/v2\/media?parent=879"}],"curies":[{"name":"wp","href":"https:\/\/api.w.org\/{rel}","templated":true}]}}